{"id":266,"date":"2021-12-03T21:56:20","date_gmt":"2021-12-03T21:56:20","guid":{"rendered":"https:\/\/neu.repa-druck.de\/?page_id=266"},"modified":"2025-12-02T20:16:21","modified_gmt":"2025-12-02T18:16:21","slug":"emploi","status":"publish","type":"page","link":"https:\/\/www.repa-druck.de\/fr\/jobs\/","title":{"rendered":"Jobs"},"content":{"rendered":"<div data-elementor-type=\"wp-page\" data-elementor-id=\"266\" class=\"elementor elementor-266\" data-elementor-post-type=\"page\">\n\t\t\t\t\t\t<section class=\"elementor-section elementor-top-section elementor-element elementor-element-48b8ef5 elementor-section-full_width elementor-section-height-default elementor-section-height-default\" data-id=\"48b8ef5\" data-element_type=\"section\" data-e-type=\"section\">\n\t\t\t\t\t\t<div class=\"elementor-container elementor-column-gap-default\">\n\t\t\t\t\t<div class=\"elementor-column elementor-col-100 elementor-top-column elementor-element elementor-element-fa333b1\" data-id=\"fa333b1\" data-element_type=\"column\" data-e-type=\"column\">\n\t\t\t<div class=\"elementor-widget-wrap elementor-element-populated\">\n\t\t\t\t\t\t<div class=\"elementor-element elementor-element-0d909a0 elementor-widget elementor-widget-image\" data-id=\"0d909a0\" data-element_type=\"widget\" data-e-type=\"widget\" data-widget_type=\"image.default\">\n\t\t\t\t<div class=\"elementor-widget-container\">\n\t\t\t\t\t\t\t\t\t\t\t\t<figure class=\"wp-caption\">\n\t\t\t\t\t\t\t\t\t\t<img fetchpriority=\"high\" decoding=\"async\" width=\"2560\" height=\"550\" src=\"https:\/\/www.repa-druck.de\/wp-content\/uploads\/2022\/05\/2560x550_Header_Jobs.jpg\" class=\"attachment-full size-full wp-image-1282\" alt=\"Symbolbild Jobs\" srcset=\"https:\/\/www.repa-druck.de\/wp-content\/uploads\/2022\/05\/2560x550_Header_Jobs.jpg 2560w, https:\/\/www.repa-druck.de\/wp-content\/uploads\/2022\/05\/2560x550_Header_Jobs-300x64.jpg 300w, https:\/\/www.repa-druck.de\/wp-content\/uploads\/2022\/05\/2560x550_Header_Jobs-1024x220.jpg 1024w, https:\/\/www.repa-druck.de\/wp-content\/uploads\/2022\/05\/2560x550_Header_Jobs-768x165.jpg 768w, https:\/\/www.repa-druck.de\/wp-content\/uploads\/2022\/05\/2560x550_Header_Jobs-1536x330.jpg 1536w, https:\/\/www.repa-druck.de\/wp-content\/uploads\/2022\/05\/2560x550_Header_Jobs-2048x440.jpg 2048w\" sizes=\"(max-width: 2560px) 100vw, 2560px\" \/>\t\t\t\t\t\t\t\t\t\t\t<figcaption class=\"widget-image-caption wp-caption-text\"><\/figcaption>\n\t\t\t\t\t\t\t\t\t\t<\/figure>\n\t\t\t\t\t\t\t\t\t<\/div>\n\t\t\t\t<\/div>\n\t\t\t\t\t<\/div>\n\t\t<\/div>\n\t\t\t\t\t<\/div>\n\t\t<\/section>\n\t\t\t\t<section class=\"elementor-section elementor-top-section elementor-element elementor-element-126c6302 elementor-section-boxed elementor-section-height-default elementor-section-height-default\" data-id=\"126c6302\" data-element_type=\"section\" data-e-type=\"section\">\n\t\t\t\t\t\t<div class=\"elementor-container elementor-column-gap-no\">\n\t\t\t\t\t<div class=\"elementor-column elementor-col-100 elementor-top-column elementor-element elementor-element-350af33d\" data-id=\"350af33d\" data-element_type=\"column\" data-e-type=\"column\">\n\t\t\t<div class=\"elementor-widget-wrap elementor-element-populated\">\n\t\t\t\t\t\t<div class=\"elementor-element elementor-element-5f35799 elementor-align-left elementor-widget elementor-widget-breadcrumbs\" data-id=\"5f35799\" data-element_type=\"widget\" data-e-type=\"widget\" data-widget_type=\"breadcrumbs.default\">\n\t\t\t\t<div class=\"elementor-widget-container\">\n\t\t\t\t\t<p id=\"breadcrumbs\"><span><span><a href=\"https:\/\/www.repa-druck.de\/fr\/\">Startseite<\/a><\/span><\/span><\/p>\t\t\t\t<\/div>\n\t\t\t\t<\/div>\n\t\t\t\t<div class=\"elementor-element elementor-element-252cf6c7 elementor-widget elementor-widget-heading\" data-id=\"252cf6c7\" data-element_type=\"widget\" data-e-type=\"widget\" data-widget_type=\"heading.default\">\n\t\t\t\t<div class=\"elementor-widget-container\">\n\t\t\t\t\t<p class=\"elementor-heading-title elementor-size-default\">Freie Stellen finden<\/p>\t\t\t\t<\/div>\n\t\t\t\t<\/div>\n\t\t\t\t<div class=\"elementor-element elementor-element-392add72 elementor-widget elementor-widget-heading\" data-id=\"392add72\" data-element_type=\"widget\" data-e-type=\"widget\" data-widget_type=\"heading.default\">\n\t\t\t\t<div class=\"elementor-widget-container\">\n\t\t\t\t\t<h1 class=\"elementor-heading-title elementor-size-default\">Jobs bei REPA Druck<\/h1>\t\t\t\t<\/div>\n\t\t\t\t<\/div>\n\t\t\t\t<div class=\"elementor-element elementor-element-411c2bf0 elementor-widget elementor-widget-text-editor\" data-id=\"411c2bf0\" data-element_type=\"widget\" data-e-type=\"widget\" data-widget_type=\"text-editor.default\">\n\t\t\t\t<div class=\"elementor-widget-container\">\n\t\t\t\t\t\t\t\t\t<p style=\"text-align: left;\">\u00a0<\/p><p style=\"text-align: left;\">Wir sind ein erfolgreiches und innovatives Unternehmen in der Druckindustrie. Bedingt durch den st\u00e4ndigen Ausbau unserer Kapazit\u00e4ten und Leistungsspektren suchen wir ab sofort:<\/p>\t\t\t\t\t\t\t\t<\/div>\n\t\t\t\t<\/div>\n\t\t\t\t\t<\/div>\n\t\t<\/div>\n\t\t\t\t\t<\/div>\n\t\t<\/section>\n\t\t\t\t<section class=\"elementor-section elementor-top-section elementor-element elementor-element-69d159f elementor-section-boxed elementor-section-height-default elementor-section-height-default\" data-id=\"69d159f\" data-element_type=\"section\" data-e-type=\"section\">\n\t\t\t\t\t\t<div class=\"elementor-container elementor-column-gap-default\">\n\t\t\t\t\t<div class=\"elementor-column elementor-col-100 elementor-top-column elementor-element elementor-element-151e3a6\" data-id=\"151e3a6\" data-element_type=\"column\" data-e-type=\"column\">\n\t\t\t<div class=\"elementor-widget-wrap elementor-element-populated\">\n\t\t\t\t\t\t<div class=\"elementor-element elementor-element-68d54f3 elementor-widget elementor-widget-accordion\" data-id=\"68d54f3\" data-element_type=\"widget\" data-e-type=\"widget\" data-widget_type=\"accordion.default\">\n\t\t\t\t<div class=\"elementor-widget-container\">\n\t\t\t\t\t\t\t<div class=\"elementor-accordion\">\n\t\t\t\t\t\t\t<div class=\"elementor-accordion-item\">\n\t\t\t\t\t<h2 id=\"elementor-tab-title-1091\" class=\"elementor-tab-title\" data-tab=\"1\" role=\"button\" aria-controls=\"elementor-tab-content-1091\" aria-expanded=\"false\">\n\t\t\t\t\t\t\t\t\t\t\t\t\t<span class=\"elementor-accordion-icon elementor-accordion-icon-right\" aria-hidden=\"true\">\n\t\t\t\t\t\t\t\t\t\t\t\t\t\t\t<span class=\"elementor-accordion-icon-closed\"><i class=\"fas fa-plus\"><\/i><\/span>\n\t\t\t\t\t\t\t\t<span class=\"elementor-accordion-icon-opened\"><i class=\"fas fa-minus\"><\/i><\/span>\n\t\t\t\t\t\t\t\t\t\t\t\t\t\t<\/span>\n\t\t\t\t\t\t\t\t\t\t\t\t<a class=\"elementor-accordion-title\" tabindex=\"0\">Mediengestalter Print & Digital (m\/w\/d)<\/a>\n\t\t\t\t\t<\/h2>\n\t\t\t\t\t<div id=\"elementor-tab-content-1091\" class=\"elementor-tab-content elementor-clearfix\" data-tab=\"1\" role=\"region\" aria-labelledby=\"elementor-tab-title-1091\"><p><b>Ihre Aufgaben:<\/b><\/p><ul><li>Konzeption, Umsetzung und Reinzeichnung von Printprodukten aller Art<\/li><li>Traitement et retouche photos<\/li><li>Erstellung von Grafiken f\u00fcr den digitalen Einsatz im Web und Social Media<\/li><li>Eigenverantwortliches Umsetzen von Projekten in enger Zusammenarbeit mit unseren Kunden<\/li><\/ul><p>\u00a0<\/p><p><b>Ihr Profil:\u00a0<\/b><\/p><ul><li>Abgeschlossene Berufsausbildung zum Mediengestalter Digital &amp; Print, Fachrichtung Gestaltung und Technik oder vergleichbare Qualifikation<\/li><li>Sicherer Umgang und fundierte Kenntnisse im Umgang mit der<br \/>Adobe Creative Cloud (InDesign, Photoshop, Illustrator, Acrobat)<\/li><li>Kenntnisse im Bereich Motion Design (After Effects) und im CMS-\u00adbasierten Webdesign (WordPress) sind w\u00fcnschenswert<\/li><li>Gute Kenntnisse in MS-Office<\/li><li>Ausgepr\u00e4gter Sinn f\u00fcr Layout und Gestaltung<\/li><li>Gute Kenntnisse von Produktionsabl\u00e4ufen im Printbereich<\/li><li>Selbstst\u00e4ndige, strukturierte sowie teamorientierte Arbeitsweise<\/li><li>Hohe Kunden- und Serviceorientierung<\/li><li>Eine hohe Flexibilit\u00e4t rundet Ihr Profil ab.<\/li><\/ul><p>\u00a0<\/p><p>Wir bieten Ihnen pers\u00f6nliche Entwicklungschancen in einem engagierten Team.<\/p><p>Haben wir Ihr Interesse geweckt? Dann senden Sie uns Ihre vollst\u00e4ndigen Bewerbungsunterlagen mit Gehaltsvorstellung und fr\u00fchestm\u00f6glichen Eintrittstermin ausschlie\u00dflich per Mail an:\u00a0<strong><span style=\"color: #d90033;\"><a style=\"color: #d90033;\" href=\"mailto:barbara.braun@repa-druck.de\">barbara.braun@repa-druck.de<\/a><\/span><\/strong><\/p><\/div>\n\t\t\t\t<\/div>\n\t\t\t\t\t\t\t<div class=\"elementor-accordion-item\">\n\t\t\t\t\t<h2 id=\"elementor-tab-title-1092\" class=\"elementor-tab-title\" data-tab=\"2\" role=\"button\" aria-controls=\"elementor-tab-content-1092\" aria-expanded=\"false\">\n\t\t\t\t\t\t\t\t\t\t\t\t\t<span class=\"elementor-accordion-icon elementor-accordion-icon-right\" aria-hidden=\"true\">\n\t\t\t\t\t\t\t\t\t\t\t\t\t\t\t<span class=\"elementor-accordion-icon-closed\"><i class=\"fas fa-plus\"><\/i><\/span>\n\t\t\t\t\t\t\t\t<span class=\"elementor-accordion-icon-opened\"><i class=\"fas fa-minus\"><\/i><\/span>\n\t\t\t\t\t\t\t\t\t\t\t\t\t\t<\/span>\n\t\t\t\t\t\t\t\t\t\t\t\t<a class=\"elementor-accordion-title\" tabindex=\"0\">Industriebuchbinder (m\/w\/d)<\/a>\n\t\t\t\t\t<\/h2>\n\t\t\t\t\t<div id=\"elementor-tab-content-1092\" class=\"elementor-tab-content elementor-clearfix\" data-tab=\"2\" role=\"region\" aria-labelledby=\"elementor-tab-title-1092\"><p><b>Ihre Aufgaben:<\/b><\/p><ul><li><p>Einrichten von Schneid, Falz, Heft &#8211; und Mailinganlagen<\/p><\/li><li><p>Einrichtung, \u00dcberwachung und Optimierung der Produktionsmaschinen<\/p><\/li><li><p>Wartungsarbeiten<\/p><\/li><\/ul><p><b>Ihr Profil:\u00a0<\/b><\/p><ul><li><p>Ausbildung als Industriebuchbinder*in bzw. mehrj\u00e4hrige Berufserfahrung als Maschineneinsteller *in an Schneid, Falz, Heft- &amp; Mailinganlagen<\/p><\/li><li><p>Technisches Verst\u00e4ndnis<\/p><\/li><li><p>Hohes Qualit\u00e4tsbewusstsein<\/p><\/li><li><p>Selbstst\u00e4ndiges Arbeiten<\/p><\/li><li><p>Zuverl\u00e4ssigkeit, Engagement und Flexibilit\u00e4t<\/p><\/li><li><p>Bereitschaft zur Arbeit im Schichtsystem<\/p><\/li><\/ul><p>Wir bieten Ihnen pers\u00f6nliche Entwicklungschancen in einem engagierten Team.<\/p><p>Haben wir Ihr Interesse geweckt? Dann senden Sie uns Ihre vollst\u00e4ndigen Bewerbungsunterlagen mit Gehaltsvorstellung und fr\u00fchestm\u00f6glichen Eintrittstermin ausschlie\u00dflich per Mail an:\u00a0<strong><span style=\"color: #d90033;\"><a style=\"color: #d90033;\" href=\"mailto:barbara.braun@repa-druck.de\">barbara.braun@repa-druck.de<\/a><\/span><\/strong><\/p><\/div>\n\t\t\t\t<\/div>\n\t\t\t\t\t\t\t<div class=\"elementor-accordion-item\">\n\t\t\t\t\t<h2 id=\"elementor-tab-title-1093\" class=\"elementor-tab-title\" data-tab=\"3\" role=\"button\" aria-controls=\"elementor-tab-content-1093\" aria-expanded=\"false\">\n\t\t\t\t\t\t\t\t\t\t\t\t\t<span class=\"elementor-accordion-icon elementor-accordion-icon-right\" aria-hidden=\"true\">\n\t\t\t\t\t\t\t\t\t\t\t\t\t\t\t<span class=\"elementor-accordion-icon-closed\"><i class=\"fas fa-plus\"><\/i><\/span>\n\t\t\t\t\t\t\t\t<span class=\"elementor-accordion-icon-opened\"><i class=\"fas fa-minus\"><\/i><\/span>\n\t\t\t\t\t\t\t\t\t\t\t\t\t\t<\/span>\n\t\t\t\t\t\t\t\t\t\t\t\t<a class=\"elementor-accordion-title\" tabindex=\"0\">Mitarbeiter Druckvorstufe (m\/w\/d)<\/a>\n\t\t\t\t\t<\/h2>\n\t\t\t\t\t<div id=\"elementor-tab-content-1093\" class=\"elementor-tab-content elementor-clearfix\" data-tab=\"3\" role=\"region\" aria-labelledby=\"elementor-tab-title-1093\"><p><b>Ihre Aufgaben:<\/b><\/p><ul><li><p>Bedienung und \u00dcberwachung unserer CTP-Anlage<\/p><\/li><li><p>Pr\u00fcfung und Vorbereitung von PDF-Daten f\u00fcr den Offsetdruck nach Prozessstandard<\/p><\/li><li><p>Digitales Ausschie\u00dfen von Standb\u00f6gen<\/p><\/li><li><p>Datenanpassung nach Kundenw\u00fcnschen<\/p><\/li><\/ul><p><b>Ihr Profil:\u00a0<\/b><\/p><ul><li><p>Ausbildung als Mediengestalter (m\/w\/d) oder vergleichbare Qualifikation<\/p><\/li><li><p>Mehrj\u00e4hige Berufserfahrung im Bereich Druckvorstufe (w\u00fcnschenswert Heidelberg Prinect-Workflow)<\/p><\/li><li><p>Ausgepr\u00e4gte Kenntnisse im Ausschie\u00dfen sowie der damit verbundenen Voraussetzungen in Druck und Weiterverarbeitung<\/p><\/li><li><p>Erfahrung im Umgang mit DTP- und Preflight-Software (Adobe Acrobat, Enfocus PitStop Pro)<\/p><\/li><li><p>Hohes Qualit\u00e4ts- und Verantwortungsbewusstsein und strukturierte Arbeitsweise<\/p><\/li><li><p>Teamf\u00e4higkeit und sicheres Auftreten f\u00fcr den direkten Kundenkontakt<\/p><\/li><\/ul><p>Sie erwartet eine spannende und eigenverantwortliche T\u00e4tigkeit mit der Chance auf Mitgestaltung der Unternehmensstrategie.\u00a0Wir bieten Ihnen pers\u00f6nliche Entwicklungschancen in einem engagierten Team.<\/p><p>Haben wir Ihr Interesse geweckt? Dann senden Sie uns Ihre vollst\u00e4ndigen Bewerbungsunterlagen mit Gehaltsvorstellung und fr\u00fchestm\u00f6glichen Eintrittstermin ausschlie\u00dflich per Mail an:\u00a0<strong><span style=\"color: #d90033;\"><a style=\"color: #d90033;\" href=\"mailto:barbara.braun@repa-druck.de\">barbara.braun@repa-druck.de<\/a><\/span><\/strong><\/p><\/div>\n\t\t\t\t<\/div>\n\t\t\t\t\t\t\t<div class=\"elementor-accordion-item\">\n\t\t\t\t\t<h2 id=\"elementor-tab-title-1094\" class=\"elementor-tab-title\" data-tab=\"4\" role=\"button\" aria-controls=\"elementor-tab-content-1094\" aria-expanded=\"false\">\n\t\t\t\t\t\t\t\t\t\t\t\t\t<span class=\"elementor-accordion-icon elementor-accordion-icon-right\" aria-hidden=\"true\">\n\t\t\t\t\t\t\t\t\t\t\t\t\t\t\t<span class=\"elementor-accordion-icon-closed\"><i class=\"fas fa-plus\"><\/i><\/span>\n\t\t\t\t\t\t\t\t<span class=\"elementor-accordion-icon-opened\"><i class=\"fas fa-minus\"><\/i><\/span>\n\t\t\t\t\t\t\t\t\t\t\t\t\t\t<\/span>\n\t\t\t\t\t\t\t\t\t\t\t\t<a class=\"elementor-accordion-title\" tabindex=\"0\">Medientechnologe Druck im Bogenoffset (m\/w\/d)<\/a>\n\t\t\t\t\t<\/h2>\n\t\t\t\t\t<div id=\"elementor-tab-content-1094\" class=\"elementor-tab-content elementor-clearfix\" data-tab=\"4\" role=\"region\" aria-labelledby=\"elementor-tab-title-1094\"><p><b>Ihre Aufgaben:<\/b><\/p><ul><li><p>Einrichten und Bedienen unserer modernen Heidelberg Druckmaschinen<span class=\"Apple-converted-space\">\u00a0<\/span><\/p><\/li><li><p>\u00dcberwachen und Optimieren des Produktionsprozesses<span class=\"Apple-converted-space\">\u00a0<\/span><\/p><\/li><li><p>Stetige Qualit\u00e4tskontrolle der Druckprodukte<span class=\"Apple-converted-space\">\u00a0<\/span><\/p><\/li><li><p>Durchf\u00fchrung von Wartungs- und Reinigungsarbeiten<span class=\"Apple-converted-space\">\u00a0<\/span><\/p><\/li><\/ul><p><b>Ihr Profil:\u00a0<\/b><\/p><ul><li><p>Abgeschlossene Ausbildung als Medientechnologe Druck<span class=\"Apple-converted-space\">\u00a0<\/span><\/p><\/li><li><p>Mehrj\u00e4hrige Berufserfahrung<span class=\"Apple-converted-space\">\u00a0<\/span><\/p><\/li><li><p>Ausgepr\u00e4gtes technisches Verst\u00e4ndnis und selbstst\u00e4ndige Arbeitsweise<span class=\"Apple-converted-space\">\u00a0<\/span><\/p><\/li><li><p>Hervorragende Farbwahrnehmung<span class=\"Apple-converted-space\">\u00a0<\/span><\/p><\/li><li><p>Flexibilit\u00e4t und hohes Qualit\u00e4tsbewusstsein<span class=\"Apple-converted-space\">\u00a0<\/span><\/p><\/li><li><p>Bereitschaft zu Schichtarbeit (3-Schicht) und \u00dcberstunden<span class=\"Apple-converted-space\">\u00a0<\/span><\/p><\/li><li><p>Teamf\u00e4higkeit<\/p><\/li><\/ul><p>Wir bieten Ihnen pers\u00f6nliche Entwicklungschancen in einem engagierten Team.<\/p><p>Haben wir Ihr Interesse geweckt? Dann senden Sie uns Ihre vollst\u00e4ndigen Bewerbungsunterlagen mit Gehaltsvorstellung und fr\u00fchestm\u00f6glichen Eintrittstermin ausschlie\u00dflich per Mail an:\u00a0<strong><span style=\"color: #d90033;\"><a style=\"color: #d90033;\" href=\"mailto:barbara.braun@repa-druck.de\">barbara.braun@repa-druck.de<\/a><\/span><\/strong><\/p><\/div>\n\t\t\t\t<\/div>\n\t\t\t\t\t\t\t<div class=\"elementor-accordion-item\">\n\t\t\t\t\t<h2 id=\"elementor-tab-title-1095\" class=\"elementor-tab-title\" data-tab=\"5\" role=\"button\" aria-controls=\"elementor-tab-content-1095\" aria-expanded=\"false\">\n\t\t\t\t\t\t\t\t\t\t\t\t\t<span class=\"elementor-accordion-icon elementor-accordion-icon-right\" aria-hidden=\"true\">\n\t\t\t\t\t\t\t\t\t\t\t\t\t\t\t<span class=\"elementor-accordion-icon-closed\"><i class=\"fas fa-plus\"><\/i><\/span>\n\t\t\t\t\t\t\t\t<span class=\"elementor-accordion-icon-opened\"><i class=\"fas fa-minus\"><\/i><\/span>\n\t\t\t\t\t\t\t\t\t\t\t\t\t\t<\/span>\n\t\t\t\t\t\t\t\t\t\t\t\t<a class=\"elementor-accordion-title\" tabindex=\"0\">Sachbearbeiter \/ Kalkulation \/ Auftragsmanagement (m\/w\/d)<\/a>\n\t\t\t\t\t<\/h2>\n\t\t\t\t\t<div id=\"elementor-tab-content-1095\" class=\"elementor-tab-content elementor-clearfix\" data-tab=\"5\" role=\"region\" aria-labelledby=\"elementor-tab-title-1095\"><p><b>Ihre Aufgaben:<\/b><\/p><ul><li><p>Selbstst\u00e4ndige und eigenverantwortliche Kalkulation von Printmedien<\/p><\/li><li><p style=\"font-weight: 400;\">Termingetreue Koordination der Produktionsschritte der Auftr\u00e4ge<\/p><\/li><li><p style=\"font-weight: 400;\">Beratende und l\u00f6sungsorientierte Kommunikation mit den Kunden<\/p><\/li><li><p style=\"font-weight: 400;\">Verhandlungen mit Lieferanten bei projektbezogenen Auftr\u00e4gen<\/p><\/li><\/ul><p><b>Ihr Profil:\u00a0<\/b><\/p><ul><li><p><span class=\"Apple-converted-space\">Abgeschlossene Berufsausbildung in der Druckindustrie\/Techniker oder vergleichbar mit Verst\u00e4ndnis f\u00fcr die betriebswirtschaftlichen Zusammenh\u00e4nge <\/span><\/p><\/li><li><p><span class=\"Apple-converted-space\">Kenntnisse \u00fcber die Produktion von Druckobjekten und Verst\u00e4ndnis \u00fcber die jeweiligen Technologien <\/span><\/p><\/li><li><p>Sicherer Umgang mit Kalkulationssoftware; Kenntnisse in Prinance sind von Vorteil<\/p><\/li><li><p style=\"font-weight: 400;\">Sorgf\u00e4ltige und teamorientierte Arbeitsweise<\/p><\/li><\/ul><p>Sie erwartet eine spannende und eigenverantwortliche T\u00e4tigkeit mit der Chance auf Mitgestaltung der Unternehmensstrategie.<\/p><p>Wir bieten Ihnen pers\u00f6nliche Entwicklungschancen in einem engagierten Team.\u00a0Haben wir Ihr Interesse geweckt? Dann senden Sie uns Ihre vollst\u00e4ndigen Bewerbungsunterlagen mit Gehaltsvorstellung und fr\u00fchestm\u00f6glichen Eintrittstermin ausschlie\u00dflich per Mail an:\u00a0<strong><span style=\"color: #d90033;\"><a style=\"color: #d90033;\" href=\"mailto:barbara.braun@repa-druck.de\">barbara.braun@repa-druck.de<\/a><\/span><\/strong><\/p><\/div>\n\t\t\t\t<\/div>\n\t\t\t\t\t\t\t<div class=\"elementor-accordion-item\">\n\t\t\t\t\t<h2 id=\"elementor-tab-title-1096\" class=\"elementor-tab-title\" data-tab=\"6\" role=\"button\" aria-controls=\"elementor-tab-content-1096\" aria-expanded=\"false\">\n\t\t\t\t\t\t\t\t\t\t\t\t\t<span class=\"elementor-accordion-icon elementor-accordion-icon-right\" aria-hidden=\"true\">\n\t\t\t\t\t\t\t\t\t\t\t\t\t\t\t<span class=\"elementor-accordion-icon-closed\"><i class=\"fas fa-plus\"><\/i><\/span>\n\t\t\t\t\t\t\t\t<span class=\"elementor-accordion-icon-opened\"><i class=\"fas fa-minus\"><\/i><\/span>\n\t\t\t\t\t\t\t\t\t\t\t\t\t\t<\/span>\n\t\t\t\t\t\t\t\t\t\t\t\t<a class=\"elementor-accordion-title\" tabindex=\"0\">Initiativbewerbung<\/a>\n\t\t\t\t\t<\/h2>\n\t\t\t\t\t<div id=\"elementor-tab-content-1096\" class=\"elementor-tab-content elementor-clearfix\" data-tab=\"6\" role=\"region\" aria-labelledby=\"elementor-tab-title-1096\"><p>Sie haben F\u00e4higkeiten, auf die wir nicht verzichten sollten? Bewerben Sie sich initiativ und \u00fcberzeugen Sie uns!<\/p><\/div>\n\t\t\t\t<\/div>\n\t\t\t\t\t\t\t\t<\/div>\n\t\t\t\t\t\t<\/div>\n\t\t\t\t<\/div>\n\t\t\t\t\t<\/div>\n\t\t<\/div>\n\t\t\t\t\t<\/div>\n\t\t<\/section>\n\t\t\t\t<section class=\"elementor-section elementor-top-section elementor-element elementor-element-523247e elementor-section-boxed elementor-section-height-default elementor-section-height-default\" data-id=\"523247e\" data-element_type=\"section\" data-e-type=\"section\">\n\t\t\t\t\t\t<div class=\"elementor-container elementor-column-gap-default\">\n\t\t\t\t\t<div class=\"elementor-column elementor-col-100 elementor-top-column elementor-element elementor-element-bcafb89\" data-id=\"bcafb89\" data-element_type=\"column\" data-e-type=\"column\">\n\t\t\t<div class=\"elementor-widget-wrap elementor-element-populated\">\n\t\t\t\t\t\t<div class=\"elementor-element elementor-element-aef3651 elementor-align-left elementor-tablet-align-center elementor-widget elementor-widget-button\" data-id=\"aef3651\" data-element_type=\"widget\" data-e-type=\"widget\" data-widget_type=\"button.default\">\n\t\t\t\t<div class=\"elementor-widget-container\">\n\t\t\t\t\t\t\t\t\t<div class=\"elementor-button-wrapper\">\n\t\t\t\t\t<a class=\"elementor-button elementor-button-link elementor-size-md\" href=\"mailto:barbara.braun@repa-druck.de\">\n\t\t\t\t\t\t<span class=\"elementor-button-content-wrapper\">\n\t\t\t\t\t\t\t\t\t<span class=\"elementor-button-text\">Jetzt bewerben<\/span>\n\t\t\t\t\t<\/span>\n\t\t\t\t\t<\/a>\n\t\t\t\t<\/div>\n\t\t\t\t\t\t\t\t<\/div>\n\t\t\t\t<\/div>\n\t\t\t\t\t<\/div>\n\t\t<\/div>\n\t\t\t\t\t<\/div>\n\t\t<\/section>\n\t\t\t\t<\/div>","protected":false},"excerpt":{"rendered":"<p>Freie Stellen finden Jobs bei REPA Druck \u00a0 Wir sind ein erfolgreiches und innovatives Unternehmen in der Druckindustrie. Bedingt durch den st\u00e4ndigen Ausbau unserer Kapazit\u00e4ten und Leistungsspektren suchen wir ab sofort: Mediengestalter Print &#038; Digital (m\/w\/d) Ihre Aufgaben: Konzeption, Umsetzung und Reinzeichnung von Printprodukten aller Art Bildbearbeitung und Retusche Erstellung von Grafiken f\u00fcr den digitalen [&hellip;]<\/p>\n","protected":false},"author":2,"featured_media":0,"parent":0,"menu_order":0,"comment_status":"closed","ping_status":"closed","template":"","meta":{"footnotes":""},"class_list":["post-266","page","type-page","status-publish","hentry"],"_links":{"self":[{"href":"https:\/\/www.repa-druck.de\/fr\/wp-json\/wp\/v2\/pages\/266","targetHints":{"allow":["GET"]}}],"collection":[{"href":"https:\/\/www.repa-druck.de\/fr\/wp-json\/wp\/v2\/pages"}],"about":[{"href":"https:\/\/www.repa-druck.de\/fr\/wp-json\/wp\/v2\/types\/page"}],"author":[{"embeddable":true,"href":"https:\/\/www.repa-druck.de\/fr\/wp-json\/wp\/v2\/users\/2"}],"replies":[{"embeddable":true,"href":"https:\/\/www.repa-druck.de\/fr\/wp-json\/wp\/v2\/comments?post=266"}],"version-history":[{"count":39,"href":"https:\/\/www.repa-druck.de\/fr\/wp-json\/wp\/v2\/pages\/266\/revisions"}],"predecessor-version":[{"id":3023,"href":"https:\/\/www.repa-druck.de\/fr\/wp-json\/wp\/v2\/pages\/266\/revisions\/3023"}],"wp:attachment":[{"href":"https:\/\/www.repa-druck.de\/fr\/wp-json\/wp\/v2\/media?parent=266"}],"curies":[{"name":"wp","href":"https:\/\/api.w.org\/{rel}","templated":true}]}}