{"id":260,"date":"2021-12-03T21:52:59","date_gmt":"2021-12-03T21:52:59","guid":{"rendered":"https:\/\/neu.repa-druck.de\/?page_id=260"},"modified":"2025-12-02T20:14:59","modified_gmt":"2025-12-02T18:14:59","slug":"protection-du-climat","status":"publish","type":"page","link":"https:\/\/www.repa-druck.de\/fr\/klimaschutz\/","title":{"rendered":"Environnement"},"content":{"rendered":"<div data-elementor-type=\"wp-page\" data-elementor-id=\"260\" class=\"elementor elementor-260\" data-elementor-post-type=\"page\">\n\t\t\t\t\t\t<section class=\"elementor-section elementor-top-section elementor-element elementor-element-4e5b1a7 elementor-section-full_width elementor-section-height-default elementor-section-height-default\" data-id=\"4e5b1a7\" data-element_type=\"section\" data-e-type=\"section\">\n\t\t\t\t\t\t<div class=\"elementor-container elementor-column-gap-default\">\n\t\t\t\t\t<div class=\"elementor-column elementor-col-100 elementor-top-column elementor-element elementor-element-35a56e5\" data-id=\"35a56e5\" data-element_type=\"column\" data-e-type=\"column\">\n\t\t\t<div class=\"elementor-widget-wrap elementor-element-populated\">\n\t\t\t\t\t\t<div class=\"elementor-element elementor-element-84b2189 elementor-widget elementor-widget-image\" data-id=\"84b2189\" data-element_type=\"widget\" data-e-type=\"widget\" data-widget_type=\"image.default\">\n\t\t\t\t<div class=\"elementor-widget-container\">\n\t\t\t\t\t\t\t\t\t\t\t\t<figure class=\"wp-caption\">\n\t\t\t\t\t\t\t\t\t\t<img fetchpriority=\"high\" decoding=\"async\" width=\"2560\" height=\"995\" src=\"https:\/\/www.repa-druck.de\/wp-content\/uploads\/2022\/02\/Nachhaltigkeit-scaled.jpg\" class=\"attachment-full size-full wp-image-1211\" alt=\"Symbolbild Blumen\" srcset=\"https:\/\/www.repa-druck.de\/wp-content\/uploads\/2022\/02\/Nachhaltigkeit-scaled.jpg 2560w, https:\/\/www.repa-druck.de\/wp-content\/uploads\/2022\/02\/Nachhaltigkeit-300x117.jpg 300w, https:\/\/www.repa-druck.de\/wp-content\/uploads\/2022\/02\/Nachhaltigkeit-1024x398.jpg 1024w, https:\/\/www.repa-druck.de\/wp-content\/uploads\/2022\/02\/Nachhaltigkeit-768x298.jpg 768w, https:\/\/www.repa-druck.de\/wp-content\/uploads\/2022\/02\/Nachhaltigkeit-1536x597.jpg 1536w, https:\/\/www.repa-druck.de\/wp-content\/uploads\/2022\/02\/Nachhaltigkeit-2048x796.jpg 2048w\" sizes=\"(max-width: 2560px) 100vw, 2560px\" \/>\t\t\t\t\t\t\t\t\t\t\t<figcaption class=\"widget-image-caption wp-caption-text\"><\/figcaption>\n\t\t\t\t\t\t\t\t\t\t<\/figure>\n\t\t\t\t\t\t\t\t\t<\/div>\n\t\t\t\t<\/div>\n\t\t\t\t\t<\/div>\n\t\t<\/div>\n\t\t\t\t\t<\/div>\n\t\t<\/section>\n\t\t\t\t<section class=\"elementor-section elementor-top-section elementor-element elementor-element-15b4ee43 elementor-section-boxed elementor-section-height-default elementor-section-height-default\" data-id=\"15b4ee43\" data-element_type=\"section\" data-e-type=\"section\">\n\t\t\t\t\t\t<div class=\"elementor-container elementor-column-gap-no\">\n\t\t\t\t\t<div class=\"elementor-column elementor-col-100 elementor-top-column elementor-element elementor-element-2190d739\" data-id=\"2190d739\" data-element_type=\"column\" data-e-type=\"column\">\n\t\t\t<div class=\"elementor-widget-wrap elementor-element-populated\">\n\t\t\t\t\t\t<div class=\"elementor-element elementor-element-264f16c elementor-align-left elementor-widget elementor-widget-breadcrumbs\" data-id=\"264f16c\" data-element_type=\"widget\" data-e-type=\"widget\" data-widget_type=\"breadcrumbs.default\">\n\t\t\t\t<div class=\"elementor-widget-container\">\n\t\t\t\t\t<p id=\"breadcrumbs\"><span><span><a href=\"https:\/\/www.repa-druck.de\/fr\/\">Startseite<\/a><\/span><\/span><\/p>\t\t\t\t<\/div>\n\t\t\t\t<\/div>\n\t\t\t\t<div class=\"elementor-element elementor-element-55729c3f elementor-widget elementor-widget-heading\" data-id=\"55729c3f\" data-element_type=\"widget\" data-e-type=\"widget\" data-widget_type=\"heading.default\">\n\t\t\t\t<div class=\"elementor-widget-container\">\n\t\t\t\t\t<p class=\"elementor-heading-title elementor-size-default\">Nos actions pour<\/p>\t\t\t\t<\/div>\n\t\t\t\t<\/div>\n\t\t\t\t<div class=\"elementor-element elementor-element-3eb20a3a elementor-widget elementor-widget-heading\" data-id=\"3eb20a3a\" data-element_type=\"widget\" data-e-type=\"widget\" data-widget_type=\"heading.default\">\n\t\t\t\t<div class=\"elementor-widget-container\">\n\t\t\t\t\t<h1 class=\"elementor-heading-title elementor-size-default\">Le r\u00e9chauffement climatique et le d\u00e9veloppement durable.<\/h1>\t\t\t\t<\/div>\n\t\t\t\t<\/div>\n\t\t\t\t<div class=\"elementor-element elementor-element-90772a8 elementor-widget elementor-widget-text-editor\" data-id=\"90772a8\" data-element_type=\"widget\" data-e-type=\"widget\" data-widget_type=\"text-editor.default\">\n\t\t\t\t<div class=\"elementor-widget-container\">\n\t\t\t\t\t\t\t\t\t<h2 style=\"text-align: left;\">Repa imprime en empreinte carbone neutre<\/h2><p style=\"text-align: left;\">Le r\u00e9chauffement climatique est le plus grand challenge du 21\u00e8 si\u00e8cle. Les entreprises doivent \u00e9galement y apporter leur contribution. L\u2019engagement d\u2019imprimer en empreinte carbone neutre permet aux entreprises de lutter rapidement et efficacement contre le r\u00e9chauffement climatique.<\/p><p style=\"text-align: left;\">L\u2019impression en empreinte carbone neutre permet de calculer avec pr\u00e9cision les \u00e9missions de gaz \u00e0 effet de serre g\u00e9n\u00e9r\u00e9es par le processus d\u2019impression. Ainsi les \u00e9missions sont identifi\u00e9es et potentiellement r\u00e9duites. En investissant dans des projets de protection du climat mondialement reconnus, les \u00e9missions de CO2 sont compens\u00e9es ce qui rend possible l\u2019impression \u00e0 empreinte carbone neutre.<\/p><p style=\"text-align: left;\">Vous souhaitez contribu\u00e9 \u00e0 la protection du climat ? Nous vous accompagnons dans cette voie. Pour vos imprim\u00e9s optez pour un projet de protection du climat \u00e0 la pointe de la technologie.<\/p><p style=\"text-align: left;\">Le proc\u00e9d\u00e9 est transparent gr\u00e2ce \u00e0 la cr\u00e9ation d\u2019un num\u00e9ro d\u2019identification individuel. En entrant cet identifiant sur <a href=\"http:\/\/www.climatepartner.com\">www.climatepartner.com<\/a> vos partenaires, vos clients et vos collaborateurs d\u00e9couvriront votre implication dans la protection du climat et vos r\u00e9alisations en empreinte carbone neutre.<\/p><p style=\"text-align: left;\">Le partenaire de Repa Druck concernant la protection du r\u00e9chauffement climatique est climatePartner. Plus d\u2019informations sur <a href=\"http:\/\/www.climatepartner.com\">www.climatepartner.com<\/a>.<\/p>\t\t\t\t\t\t\t\t<\/div>\n\t\t\t\t<\/div>\n\t\t\t\t<div class=\"elementor-element elementor-element-3635869 elementor-widget-divider--view-line elementor-widget elementor-widget-divider\" data-id=\"3635869\" data-element_type=\"widget\" data-e-type=\"widget\" data-widget_type=\"divider.default\">\n\t\t\t\t<div class=\"elementor-widget-container\">\n\t\t\t\t\t\t\t<div class=\"elementor-divider\">\n\t\t\t<span class=\"elementor-divider-separator\">\n\t\t\t\t\t\t<\/span>\n\t\t<\/div>\n\t\t\t\t\t\t<\/div>\n\t\t\t\t<\/div>\n\t\t\t\t<div class=\"elementor-element elementor-element-d36ef9b elementor-widget elementor-widget-text-editor\" data-id=\"d36ef9b\" data-element_type=\"widget\" data-e-type=\"widget\" data-widget_type=\"text-editor.default\">\n\t\t\t\t<div class=\"elementor-widget-container\">\n\t\t\t\t\t\t\t\t\t<h2 style=\"text-align: left;\">FSC\u00ae (FSC-C007142)<\/h2><p style=\"text-align: left;\">Le Forest Stewarship Council\u00ae (FSC\u00ae) est une organisation mondiale vou\u00e9e \u00e0 la promotion de la gestion durable des for\u00eats \u00e0 travers le monde, en r\u00e9unissant des experts des sph\u00e8res environnementales, sociales er \u00e9conomiques.. L\u2019organisation \u00e0 but non lucratif a \u00e9t\u00e9 cr\u00e9e en 1993 lors de la conf\u00e9rence des Nations Unies \u00e0 Rio de Janeiro sur l\u2019environnement et le d\u00e9veloppement. Aujourd\u2019hui, l\u2019organisation FSC\u00ae compte plus de 80 pays membres.<\/p><p style=\"text-align: left;\">En achetant des produits certifi\u00e9s FSC\u00ae, vous contribuez \u00e0 la gestion durable des ressources foresti\u00e8res. Le FSC\u00ae parvient \u00e0 g\u00e9rer les for\u00eats durablement en d\u00e9finissant et en v\u00e9rifiant les normes environnementales et sociales d\u2019une part et d\u2019autres part en recyclant les mat\u00e9riaux.<\/p><p style=\"text-align: left;\">C\u2019est vous qui d\u00e9cidez sur quel papier vous souhaitez imprimer.<\/p>\t\t\t\t\t\t\t\t<\/div>\n\t\t\t\t<\/div>\n\t\t\t\t<div class=\"elementor-element elementor-element-8a340b3 elementor-widget-divider--view-line elementor-widget elementor-widget-divider\" data-id=\"8a340b3\" data-element_type=\"widget\" data-e-type=\"widget\" data-widget_type=\"divider.default\">\n\t\t\t\t<div class=\"elementor-widget-container\">\n\t\t\t\t\t\t\t<div class=\"elementor-divider\">\n\t\t\t<span class=\"elementor-divider-separator\">\n\t\t\t\t\t\t<\/span>\n\t\t<\/div>\n\t\t\t\t\t\t<\/div>\n\t\t\t\t<\/div>\n\t\t\t\t<div class=\"elementor-element elementor-element-36686fa elementor-widget elementor-widget-text-editor\" data-id=\"36686fa\" data-element_type=\"widget\" data-e-type=\"widget\" data-widget_type=\"text-editor.default\">\n\t\t\t\t<div class=\"elementor-widget-container\">\n\t\t\t\t\t\t\t\t\t<h2 style=\"text-align: left;\">PEFC (PEFC\/04-31-1199)<\/h2><p style=\"text-align: left;\">Wir legen Wert auf eine nachhaltige Produktion. Deswegen verwenden wir PEFC-zertifizierte Rohstoffe.<\/p><p style=\"text-align: left;\">Die PEFC-Zertifizierung steht f\u00fcr nachhaltige Waldbewirtschaftung, die \u00f6kologische, \u00f6konomische und soziale Kriterien gleicherma\u00dfen ber\u00fccksichtigt. Dabei wird nicht das Produkt Holz zertifiziert, sondern das forstliche Management, inklusive des Holztransports bis an den Waldweg.<\/p><p style=\"text-align: left;\">Cette certification rend possible la tra\u00e7abilit\u00e9 des flux de bois tant au niveau des stocks disponibles qu\u2019au niveau de la transformation du bois et ce jusqu\u2019au produit fini.<\/p>\t\t\t\t\t\t\t\t<\/div>\n\t\t\t\t<\/div>\n\t\t\t\t\t<\/div>\n\t\t<\/div>\n\t\t\t\t\t<\/div>\n\t\t<\/section>\n\t\t\t\t<\/div>","protected":false},"excerpt":{"rendered":"<p>Wie wir unseren Teil betragen Klimaschutz &amp; Nachhaltigkeit Klimaneutral Drucken mit Repa Der Klimawandel ist die gr\u00f6\u00dfte Herausforderung des 21. Jahrhunderts. Auch einzelne Unternehmen m\u00fcssen Ihren Beitrag leisten. Der Einsatz klimaneutraler Druckprodukte bietet Unternehmen die M\u00f6glichkeit, schnell und einfach im Klimaschutz aktiv zu werden. Beim klimaneutralen Druck werden die durch den Druckprozess entstehenden Treibhausgasemissionen genau [&hellip;]<\/p>\n","protected":false},"author":2,"featured_media":0,"parent":0,"menu_order":0,"comment_status":"closed","ping_status":"closed","template":"","meta":{"footnotes":""},"class_list":["post-260","page","type-page","status-publish","hentry"],"_links":{"self":[{"href":"https:\/\/www.repa-druck.de\/fr\/wp-json\/wp\/v2\/pages\/260","targetHints":{"allow":["GET"]}}],"collection":[{"href":"https:\/\/www.repa-druck.de\/fr\/wp-json\/wp\/v2\/pages"}],"about":[{"href":"https:\/\/www.repa-druck.de\/fr\/wp-json\/wp\/v2\/types\/page"}],"author":[{"embeddable":true,"href":"https:\/\/www.repa-druck.de\/fr\/wp-json\/wp\/v2\/users\/2"}],"replies":[{"embeddable":true,"href":"https:\/\/www.repa-druck.de\/fr\/wp-json\/wp\/v2\/comments?post=260"}],"version-history":[{"count":12,"href":"https:\/\/www.repa-druck.de\/fr\/wp-json\/wp\/v2\/pages\/260\/revisions"}],"predecessor-version":[{"id":3017,"href":"https:\/\/www.repa-druck.de\/fr\/wp-json\/wp\/v2\/pages\/260\/revisions\/3017"}],"wp:attachment":[{"href":"https:\/\/www.repa-druck.de\/fr\/wp-json\/wp\/v2\/media?parent=260"}],"curies":[{"name":"wp","href":"https:\/\/api.w.org\/{rel}","templated":true}]}}