{"id":2408,"date":"2023-06-20T09:10:11","date_gmt":"2023-06-20T07:10:11","guid":{"rendered":"https:\/\/www.repa-druck.de\/?page_id=2408"},"modified":"2023-06-20T14:40:45","modified_gmt":"2023-06-20T12:40:45","slug":"blog","status":"publish","type":"page","link":"https:\/\/www.repa-druck.de\/fr\/blog\/","title":{"rendered":"Blog"},"content":{"rendered":"\t\t<div data-elementor-type=\"wp-page\" data-elementor-id=\"2408\" class=\"elementor elementor-2408\" data-elementor-post-type=\"page\">\n\t\t\t\t<div class=\"elementor-element elementor-element-0bbd39d e-flex e-con-boxed e-con e-parent\" data-id=\"0bbd39d\" data-element_type=\"container\" data-e-type=\"container\">\n\t\t\t\t\t<div class=\"e-con-inner\">\n\t\t<div class=\"elementor-element elementor-element-b94aa77 e-con-full e-flex e-con e-parent\" data-id=\"b94aa77\" data-element_type=\"container\" data-e-type=\"container\">\n\t\t\t\t<div class=\"elementor-element elementor-element-16d70cb elementor-widget elementor-widget-heading\" data-id=\"16d70cb\" data-element_type=\"widget\" data-e-type=\"widget\" data-widget_type=\"heading.default\">\n\t\t\t\t<div class=\"elementor-widget-container\">\n\t\t\t\t\t<h1 class=\"elementor-heading-title elementor-size-default\">Blog<\/h1>\t\t\t\t<\/div>\n\t\t\t\t<\/div>\n\t\t\t\t<div class=\"elementor-element elementor-element-5249946 elementor-search-form--skin-minimal elementor-widget elementor-widget-search-form\" data-id=\"5249946\" data-element_type=\"widget\" data-e-type=\"widget\" data-settings=\"{&quot;skin&quot;:&quot;minimal&quot;}\" data-widget_type=\"search-form.default\">\n\t\t\t\t<div class=\"elementor-widget-container\">\n\t\t\t\t\t\t\t<search role=\"search\">\n\t\t\t<form class=\"elementor-search-form\" action=\"https:\/\/www.repa-druck.de\/fr\" method=\"get\">\n\t\t\t\t\t\t\t\t\t\t\t\t<div class=\"elementor-search-form__container\">\n\t\t\t\t\t<label class=\"elementor-screen-only\" for=\"elementor-search-form-5249946\">Rechercher <\/label>\n\n\t\t\t\t\t\t\t\t\t\t\t<div class=\"elementor-search-form__icon\">\n\t\t\t\t\t\t\t<i aria-hidden=\"true\" class=\"fas fa-search\"><\/i>\t\t\t\t\t\t\t<span class=\"elementor-screen-only\">Rechercher <\/span>\n\t\t\t\t\t\t<\/div>\n\t\t\t\t\t\n\t\t\t\t\t<input id=\"elementor-search-form-5249946\" placeholder=\"Suche...\" class=\"elementor-search-form__input\" type=\"search\" name=\"s\" value=\"\">\n\t\t\t\t\t\n\t\t\t\t\t\n\t\t\t\t\t\t\t\t\t<\/div>\n\t\t\t<\/form>\n\t\t<\/search>\n\t\t\t\t\t\t<\/div>\n\t\t\t\t<\/div>\n\t\t\t\t<div class=\"elementor-element elementor-element-b64c88d elementor-grid-1 elementor-grid-tablet-1 elementor-grid-mobile-1 elementor-widget elementor-widget-loop-grid\" data-id=\"b64c88d\" data-element_type=\"widget\" data-e-type=\"widget\" data-settings=\"{&quot;template_id&quot;:&quot;2453&quot;,&quot;columns&quot;:1,&quot;row_gap&quot;:{&quot;unit&quot;:&quot;px&quot;,&quot;size&quot;:60,&quot;sizes&quot;:[]},&quot;columns_tablet&quot;:1,&quot;_skin&quot;:&quot;post&quot;,&quot;columns_mobile&quot;:&quot;1&quot;,&quot;edit_handle_selector&quot;:&quot;[data-elementor-type=\\&quot;loop-item\\&quot;]&quot;,&quot;row_gap_tablet&quot;:{&quot;unit&quot;:&quot;px&quot;,&quot;size&quot;:&quot;&quot;,&quot;sizes&quot;:[]},&quot;row_gap_mobile&quot;:{&quot;unit&quot;:&quot;px&quot;,&quot;size&quot;:&quot;&quot;,&quot;sizes&quot;:[]}}\" data-widget_type=\"loop-grid.post\">\n\t\t\t\t<div class=\"elementor-widget-container\">\n\t\t\t\t\t\t\t<div class=\"elementor-loop-container elementor-grid\" role=\"list\">\n\t\t<style id=\"loop-2453\">.elementor-2453 .elementor-element.elementor-element-0cc0953{--display:flex;--flex-direction:column;--container-widget-width:100%;--container-widget-height:initial;--container-widget-flex-grow:0;--container-widget-align-self:initial;--flex-wrap-mobile:wrap;border-style:none;--border-style:none;--padding-top:0px;--padding-bottom:0px;--padding-left:0px;--padding-right:0px;}.elementor-2453 .elementor-element.elementor-element-4108dc4{--display:flex;--flex-direction:row;--container-widget-width:initial;--container-widget-height:100%;--container-widget-flex-grow:1;--container-widget-align-self:stretch;--flex-wrap-mobile:wrap;--gap:50px 50px;--row-gap:50px;--column-gap:50px;--padding-top:0px;--padding-bottom:0px;--padding-left:0px;--padding-right:0px;}.elementor-2453 .elementor-element.elementor-element-7c0aeab{text-align:start;width:var( --container-widget-width, 28.992% );max-width:28.992%;--container-widget-width:28.992%;--container-widget-flex-grow:0;}.elementor-2453 .elementor-element.elementor-element-7c0aeab.elementor-element{--flex-grow:0;--flex-shrink:0;}.elementor-2453 .elementor-element.elementor-element-ff6b497{--display:flex;--justify-content:center;--gap:10px 10px;--row-gap:10px;--column-gap:10px;--padding-top:0px;--padding-bottom:0px;--padding-left:0px;--padding-right:0px;}.elementor-2453 .elementor-element.elementor-element-451d3e6 .elementor-icon-list-icon{width:14px;}.elementor-2453 .elementor-element.elementor-element-451d3e6 .elementor-icon-list-icon i{font-size:14px;}.elementor-2453 .elementor-element.elementor-element-451d3e6 .elementor-icon-list-icon svg{--e-icon-list-icon-size:14px;}.elementor-2453 .elementor-element.elementor-element-451d3e6 > .elementor-widget-container{padding:0px 0px 0px 0px;border-style:solid;border-width:0px 0px 1px 0px;border-color:var( --e-global-color-f9400e5 );}.elementor-2453 .elementor-element.elementor-element-451d3e6{width:auto;max-width:auto;}.elementor-2453 .elementor-element.elementor-element-451d3e6.elementor-element{--align-self:flex-start;}.elementor-2453 .elementor-element.elementor-element-451d3e6:hover .elementor-widget-container{border-style:solid;border-width:0px 0px 1px 0px;border-color:var( --e-global-color-accent );}.elementor-2453 .elementor-element.elementor-element-5326828 .elementor-heading-title{line-height:1.5em;}.elementor-2453 .elementor-element.elementor-element-22e8a91 .elementor-button{font-family:var( --e-global-typography-e921697-font-family ), Sans-serif;font-size:var( --e-global-typography-e921697-font-size );font-weight:var( --e-global-typography-e921697-font-weight );line-height:var( --e-global-typography-e921697-line-height );letter-spacing:var( --e-global-typography-e921697-letter-spacing );word-spacing:var( --e-global-typography-e921697-word-spacing );background-color:#000000;border-style:solid;border-width:0px 0px 0px 0px;border-radius:50px 50px 50px 50px;padding:5px 20px 5px 20px;}.elementor-2453 .elementor-element.elementor-element-22e8a91 .elementor-button:hover, .elementor-2453 .elementor-element.elementor-element-22e8a91 .elementor-button:focus{color:var( --e-global-color-4762832 );background-color:var( --e-global-color-f9400e5 );}.elementor-2453 .elementor-element.elementor-element-22e8a91 .elementor-button:hover svg, .elementor-2453 .elementor-element.elementor-element-22e8a91 .elementor-button:focus svg{fill:var( --e-global-color-4762832 );}@media(max-width:1024px) and (min-width:768px){.elementor-2453 .elementor-element.elementor-element-4108dc4{--content-width:100%;}}@media(max-width:1024px){.elementor-2453 .elementor-element.elementor-element-0cc0953{--padding-top:10px;--padding-bottom:10px;--padding-left:10px;--padding-right:10px;}.elementor-2453 .elementor-element.elementor-element-4108dc4{--flex-direction:column;--container-widget-width:100%;--container-widget-height:initial;--container-widget-flex-grow:0;--container-widget-align-self:initial;--flex-wrap-mobile:wrap;--gap:15px 15px;--row-gap:15px;--column-gap:15px;}.elementor-2453 .elementor-element.elementor-element-7c0aeab{width:100%;max-width:100%;}.elementor-2453 .elementor-element.elementor-element-22e8a91 .elementor-button{font-size:var( --e-global-typography-e921697-font-size );line-height:var( --e-global-typography-e921697-line-height );letter-spacing:var( --e-global-typography-e921697-letter-spacing );word-spacing:var( --e-global-typography-e921697-word-spacing );}}@media(max-width:767px){.elementor-2453 .elementor-element.elementor-element-0cc0953{--flex-direction:column;--container-widget-width:100%;--container-widget-height:initial;--container-widget-flex-grow:0;--container-widget-align-self:initial;--flex-wrap-mobile:wrap;--padding-top:0px;--padding-bottom:0px;--padding-left:0px;--padding-right:0px;}.elementor-2453 .elementor-element.elementor-element-4108dc4{--gap:20px 20px;--row-gap:20px;--column-gap:20px;}.elementor-2453 .elementor-element.elementor-element-ff6b497{--padding-top:0px;--padding-bottom:0px;--padding-left:0px;--padding-right:0px;}.elementor-2453 .elementor-element.elementor-element-5326828 .elementor-heading-title{line-height:1.5em;}.elementor-2453 .elementor-element.elementor-element-22e8a91 .elementor-button{font-size:var( --e-global-typography-e921697-font-size );line-height:var( --e-global-typography-e921697-line-height );letter-spacing:var( --e-global-typography-e921697-letter-spacing );word-spacing:var( --e-global-typography-e921697-word-spacing );}}<\/style>\t\t<div data-elementor-type=\"loop-item\" data-elementor-id=\"2453\" class=\"elementor elementor-2453 e-loop-item e-loop-item-2671 post-2671 post type-post status-publish format-standard has-post-thumbnail hentry category-wissenswertes\" data-elementor-post-type=\"elementor_library\" data-custom-edit-handle=\"1\">\n\t\t\t<div class=\"elementor-element elementor-element-0cc0953 e-flex e-con-boxed e-con e-parent\" data-id=\"0cc0953\" data-element_type=\"container\" data-e-type=\"container\">\n\t\t\t\t\t<div class=\"e-con-inner\">\n\t\t<div class=\"elementor-element elementor-element-4108dc4 e-flex e-con-boxed e-con e-parent\" data-id=\"4108dc4\" data-element_type=\"container\" data-e-type=\"container\">\n\t\t\t\t\t<div class=\"e-con-inner\">\n\t\t\t\t<div class=\"elementor-element elementor-element-7c0aeab elementor-widget__width-initial elementor-widget-tablet__width-inherit elementor-widget elementor-widget-theme-post-featured-image elementor-widget-image\" data-id=\"7c0aeab\" data-element_type=\"widget\" data-e-type=\"widget\" data-widget_type=\"theme-post-featured-image.default\">\n\t\t\t\t<div class=\"elementor-widget-container\">\n\t\t\t\t\t\t\t\t\t\t\t\t\t\t\t<img fetchpriority=\"high\" decoding=\"async\" width=\"1200\" height=\"900\" src=\"https:\/\/www.repa-druck.de\/wp-content\/uploads\/2023\/08\/1200x900_Blog-Mythen-Fakten.jpg\" class=\"attachment-full size-full wp-image-2690\" alt=\"Beitragsbild f\u00fcr Blogpost &quot;Mythen &amp; Fakten&quot;\" srcset=\"https:\/\/www.repa-druck.de\/wp-content\/uploads\/2023\/08\/1200x900_Blog-Mythen-Fakten.jpg 1200w, https:\/\/www.repa-druck.de\/wp-content\/uploads\/2023\/08\/1200x900_Blog-Mythen-Fakten-300x225.jpg 300w, https:\/\/www.repa-druck.de\/wp-content\/uploads\/2023\/08\/1200x900_Blog-Mythen-Fakten-1024x768.jpg 1024w, https:\/\/www.repa-druck.de\/wp-content\/uploads\/2023\/08\/1200x900_Blog-Mythen-Fakten-768x576.jpg 768w, https:\/\/www.repa-druck.de\/wp-content\/uploads\/2023\/08\/1200x900_Blog-Mythen-Fakten-16x12.jpg 16w\" sizes=\"(max-width: 1200px) 100vw, 1200px\" \/>\t\t\t\t\t\t\t\t\t\t\t\t\t\t\t<\/div>\n\t\t\t\t<\/div>\n\t\t<div class=\"elementor-element elementor-element-ff6b497 e-flex e-con-boxed e-con e-parent\" data-id=\"ff6b497\" data-element_type=\"container\" data-e-type=\"container\">\n\t\t\t\t\t<div class=\"e-con-inner\">\n\t\t\t\t<div class=\"elementor-element elementor-element-451d3e6 elementor-widget__width-auto elementor-widget elementor-widget-post-info\" data-id=\"451d3e6\" data-element_type=\"widget\" data-e-type=\"widget\" data-widget_type=\"post-info.default\">\n\t\t\t\t<div class=\"elementor-widget-container\">\n\t\t\t\t\t\t\t<ul class=\"elementor-inline-items elementor-icon-list-items elementor-post-info\">\n\t\t\t\t\t\t\t\t<li class=\"elementor-icon-list-item elementor-repeater-item-4e5939f elementor-inline-item\" itemprop=\"about\">\n\t\t\t\t\t\t\t\t\t\t\t\t\t<span class=\"elementor-icon-list-text elementor-post-info__item elementor-post-info__item--type-terms\">\n\t\t\t\t\t\t\t\t\t\t<span class=\"elementor-post-info__terms-list\">\n\t\t\t\t<a href=\"https:\/\/www.repa-druck.de\/fr\/category\/wissenswertes\/\" class=\"elementor-post-info__terms-list-item\">Wissenswertes<\/a>\t\t\t\t<\/span>\n\t\t\t\t\t<\/span>\n\t\t\t\t\t\t\t\t<\/li>\n\t\t\t\t<\/ul>\n\t\t\t\t\t\t<\/div>\n\t\t\t\t<\/div>\n\t\t\t\t<div class=\"elementor-element elementor-element-5326828 elementor-widget elementor-widget-theme-post-title elementor-page-title elementor-widget-heading\" data-id=\"5326828\" data-element_type=\"widget\" data-e-type=\"widget\" data-widget_type=\"theme-post-title.default\">\n\t\t\t\t<div class=\"elementor-widget-container\">\n\t\t\t\t\t<h4 class=\"elementor-heading-title elementor-size-default\">Schluss mit Mythen aus der Welt von Print und Papier<\/h4>\t\t\t\t<\/div>\n\t\t\t\t<\/div>\n\t\t\t\t<div class=\"elementor-element elementor-element-16639cc elementor-widget elementor-widget-theme-post-excerpt\" data-id=\"16639cc\" data-element_type=\"widget\" data-e-type=\"widget\" data-widget_type=\"theme-post-excerpt.default\">\n\t\t\t\t<div class=\"elementor-widget-container\">\n\t\t\t\t\tDas Booklet \"Print und Papier \u2013 Mythen und Fakten\" r\u00e4umt auf mit Mythen rund um den Druck. Jetzt bei uns nachlesen!\t\t\t\t<\/div>\n\t\t\t\t<\/div>\n\t\t\t\t<div class=\"elementor-element elementor-element-22e8a91 elementor-align-left elementor-widget elementor-widget-button\" data-id=\"22e8a91\" data-element_type=\"widget\" data-e-type=\"widget\" data-widget_type=\"button.default\">\n\t\t\t\t<div class=\"elementor-widget-container\">\n\t\t\t\t\t\t\t\t\t<div class=\"elementor-button-wrapper\">\n\t\t\t\t\t<a class=\"elementor-button elementor-button-link elementor-size-xs\" href=\"https:\/\/www.repa-druck.de\/fr\/schluss-mit-mythen-aus-der-welt-von-print-und-papier\/\">\n\t\t\t\t\t\t<span class=\"elementor-button-content-wrapper\">\n\t\t\t\t\t\t\t\t\t<span class=\"elementor-button-text\">Weiterlesen<\/span>\n\t\t\t\t\t<\/span>\n\t\t\t\t\t<\/a>\n\t\t\t\t<\/div>\n\t\t\t\t\t\t\t\t<\/div>\n\t\t\t\t<\/div>\n\t\t\t\t\t<\/div>\n\t\t\t\t<\/div>\n\t\t\t\t\t<\/div>\n\t\t\t\t<\/div>\n\t\t\t\t\t<\/div>\n\t\t\t\t<\/div>\n\t\t\t\t<\/div>\n\t\t\t\t<div data-elementor-type=\"loop-item\" data-elementor-id=\"2453\" class=\"elementor elementor-2453 e-loop-item e-loop-item-2438 post-2438 post type-post status-publish format-standard has-post-thumbnail hentry category-einblicke\" data-elementor-post-type=\"elementor_library\" data-custom-edit-handle=\"1\">\n\t\t\t<div class=\"elementor-element elementor-element-0cc0953 e-flex e-con-boxed e-con e-parent\" data-id=\"0cc0953\" data-element_type=\"container\" data-e-type=\"container\">\n\t\t\t\t\t<div class=\"e-con-inner\">\n\t\t<div class=\"elementor-element elementor-element-4108dc4 e-flex e-con-boxed e-con e-parent\" data-id=\"4108dc4\" data-element_type=\"container\" data-e-type=\"container\">\n\t\t\t\t\t<div class=\"e-con-inner\">\n\t\t\t\t<div class=\"elementor-element elementor-element-7c0aeab elementor-widget__width-initial elementor-widget-tablet__width-inherit elementor-widget elementor-widget-theme-post-featured-image elementor-widget-image\" data-id=\"7c0aeab\" data-element_type=\"widget\" data-e-type=\"widget\" data-widget_type=\"theme-post-featured-image.default\">\n\t\t\t\t<div class=\"elementor-widget-container\">\n\t\t\t\t\t\t\t\t\t\t\t\t\t\t\t<img decoding=\"async\" width=\"1200\" height=\"900\" src=\"https:\/\/www.repa-druck.de\/wp-content\/uploads\/2023\/05\/1200x900_Azubi_Medientechnologe.jpg\" class=\"attachment-full size-full wp-image-2580\" alt=\"Symbolbild: Auszubildender Medientechnologe Druck\" srcset=\"https:\/\/www.repa-druck.de\/wp-content\/uploads\/2023\/05\/1200x900_Azubi_Medientechnologe.jpg 1200w, https:\/\/www.repa-druck.de\/wp-content\/uploads\/2023\/05\/1200x900_Azubi_Medientechnologe-300x225.jpg 300w, https:\/\/www.repa-druck.de\/wp-content\/uploads\/2023\/05\/1200x900_Azubi_Medientechnologe-1024x768.jpg 1024w, https:\/\/www.repa-druck.de\/wp-content\/uploads\/2023\/05\/1200x900_Azubi_Medientechnologe-768x576.jpg 768w, https:\/\/www.repa-druck.de\/wp-content\/uploads\/2023\/05\/1200x900_Azubi_Medientechnologe-16x12.jpg 16w\" sizes=\"(max-width: 1200px) 100vw, 1200px\" \/>\t\t\t\t\t\t\t\t\t\t\t\t\t\t\t<\/div>\n\t\t\t\t<\/div>\n\t\t<div class=\"elementor-element elementor-element-ff6b497 e-flex e-con-boxed e-con e-parent\" data-id=\"ff6b497\" data-element_type=\"container\" data-e-type=\"container\">\n\t\t\t\t\t<div class=\"e-con-inner\">\n\t\t\t\t<div class=\"elementor-element elementor-element-451d3e6 elementor-widget__width-auto elementor-widget elementor-widget-post-info\" data-id=\"451d3e6\" data-element_type=\"widget\" data-e-type=\"widget\" data-widget_type=\"post-info.default\">\n\t\t\t\t<div class=\"elementor-widget-container\">\n\t\t\t\t\t\t\t<ul class=\"elementor-inline-items elementor-icon-list-items elementor-post-info\">\n\t\t\t\t\t\t\t\t<li class=\"elementor-icon-list-item elementor-repeater-item-4e5939f elementor-inline-item\" itemprop=\"about\">\n\t\t\t\t\t\t\t\t\t\t\t\t\t<span class=\"elementor-icon-list-text elementor-post-info__item elementor-post-info__item--type-terms\">\n\t\t\t\t\t\t\t\t\t\t<span class=\"elementor-post-info__terms-list\">\n\t\t\t\t<a href=\"https:\/\/www.repa-druck.de\/fr\/category\/einblicke\/\" class=\"elementor-post-info__terms-list-item\">Einblicke<\/a>\t\t\t\t<\/span>\n\t\t\t\t\t<\/span>\n\t\t\t\t\t\t\t\t<\/li>\n\t\t\t\t<\/ul>\n\t\t\t\t\t\t<\/div>\n\t\t\t\t<\/div>\n\t\t\t\t<div class=\"elementor-element elementor-element-5326828 elementor-widget elementor-widget-theme-post-title elementor-page-title elementor-widget-heading\" data-id=\"5326828\" data-element_type=\"widget\" data-e-type=\"widget\" data-widget_type=\"theme-post-title.default\">\n\t\t\t\t<div class=\"elementor-widget-container\">\n\t\t\t\t\t<h4 class=\"elementor-heading-title elementor-size-default\">Medientechnologe Druck: Was dich als Azubi erwartet<\/h4>\t\t\t\t<\/div>\n\t\t\t\t<\/div>\n\t\t\t\t<div class=\"elementor-element elementor-element-22e8a91 elementor-align-left elementor-widget elementor-widget-button\" data-id=\"22e8a91\" data-element_type=\"widget\" data-e-type=\"widget\" data-widget_type=\"button.default\">\n\t\t\t\t<div class=\"elementor-widget-container\">\n\t\t\t\t\t\t\t\t\t<div class=\"elementor-button-wrapper\">\n\t\t\t\t\t<a class=\"elementor-button elementor-button-link elementor-size-xs\" href=\"https:\/\/www.repa-druck.de\/fr\/medientechnologe-druck-azubi-erwartet\/\">\n\t\t\t\t\t\t<span class=\"elementor-button-content-wrapper\">\n\t\t\t\t\t\t\t\t\t<span class=\"elementor-button-text\">Weiterlesen<\/span>\n\t\t\t\t\t<\/span>\n\t\t\t\t\t<\/a>\n\t\t\t\t<\/div>\n\t\t\t\t\t\t\t\t<\/div>\n\t\t\t\t<\/div>\n\t\t\t\t\t<\/div>\n\t\t\t\t<\/div>\n\t\t\t\t\t<\/div>\n\t\t\t\t<\/div>\n\t\t\t\t\t<\/div>\n\t\t\t\t<\/div>\n\t\t\t\t<\/div>\n\t\t\t\t<div data-elementor-type=\"loop-item\" data-elementor-id=\"2453\" class=\"elementor elementor-2453 e-loop-item e-loop-item-2464 post-2464 post type-post status-publish format-standard has-post-thumbnail hentry category-news\" data-elementor-post-type=\"elementor_library\" data-custom-edit-handle=\"1\">\n\t\t\t<div class=\"elementor-element elementor-element-0cc0953 e-flex e-con-boxed e-con e-parent\" data-id=\"0cc0953\" data-element_type=\"container\" data-e-type=\"container\">\n\t\t\t\t\t<div class=\"e-con-inner\">\n\t\t<div class=\"elementor-element elementor-element-4108dc4 e-flex e-con-boxed e-con e-parent\" data-id=\"4108dc4\" data-element_type=\"container\" data-e-type=\"container\">\n\t\t\t\t\t<div class=\"e-con-inner\">\n\t\t\t\t<div class=\"elementor-element elementor-element-7c0aeab elementor-widget__width-initial elementor-widget-tablet__width-inherit elementor-widget elementor-widget-theme-post-featured-image elementor-widget-image\" data-id=\"7c0aeab\" data-element_type=\"widget\" data-e-type=\"widget\" data-widget_type=\"theme-post-featured-image.default\">\n\t\t\t\t<div class=\"elementor-widget-container\">\n\t\t\t\t\t\t\t\t\t\t\t\t\t\t\t<img decoding=\"async\" width=\"1200\" height=\"900\" src=\"https:\/\/www.repa-druck.de\/wp-content\/uploads\/2023\/05\/1200x900_Beitragsbild_Blog.jpg\" class=\"attachment-full size-full wp-image-2485\" alt=\"\" srcset=\"https:\/\/www.repa-druck.de\/wp-content\/uploads\/2023\/05\/1200x900_Beitragsbild_Blog.jpg 1200w, https:\/\/www.repa-druck.de\/wp-content\/uploads\/2023\/05\/1200x900_Beitragsbild_Blog-300x225.jpg 300w, https:\/\/www.repa-druck.de\/wp-content\/uploads\/2023\/05\/1200x900_Beitragsbild_Blog-1024x768.jpg 1024w, https:\/\/www.repa-druck.de\/wp-content\/uploads\/2023\/05\/1200x900_Beitragsbild_Blog-768x576.jpg 768w, https:\/\/www.repa-druck.de\/wp-content\/uploads\/2023\/05\/1200x900_Beitragsbild_Blog-16x12.jpg 16w\" sizes=\"(max-width: 1200px) 100vw, 1200px\" \/>\t\t\t\t\t\t\t\t\t\t\t\t\t\t\t<\/div>\n\t\t\t\t<\/div>\n\t\t<div class=\"elementor-element elementor-element-ff6b497 e-flex e-con-boxed e-con e-parent\" data-id=\"ff6b497\" data-element_type=\"container\" data-e-type=\"container\">\n\t\t\t\t\t<div class=\"e-con-inner\">\n\t\t\t\t<div class=\"elementor-element elementor-element-451d3e6 elementor-widget__width-auto elementor-widget elementor-widget-post-info\" data-id=\"451d3e6\" data-element_type=\"widget\" data-e-type=\"widget\" data-widget_type=\"post-info.default\">\n\t\t\t\t<div class=\"elementor-widget-container\">\n\t\t\t\t\t\t\t<ul class=\"elementor-inline-items elementor-icon-list-items elementor-post-info\">\n\t\t\t\t\t\t\t\t<li class=\"elementor-icon-list-item elementor-repeater-item-4e5939f elementor-inline-item\" itemprop=\"about\">\n\t\t\t\t\t\t\t\t\t\t\t\t\t<span class=\"elementor-icon-list-text elementor-post-info__item elementor-post-info__item--type-terms\">\n\t\t\t\t\t\t\t\t\t\t<span class=\"elementor-post-info__terms-list\">\n\t\t\t\t<a href=\"https:\/\/www.repa-druck.de\/fr\/category\/news\/\" class=\"elementor-post-info__terms-list-item\">News<\/a>\t\t\t\t<\/span>\n\t\t\t\t\t<\/span>\n\t\t\t\t\t\t\t\t<\/li>\n\t\t\t\t<\/ul>\n\t\t\t\t\t\t<\/div>\n\t\t\t\t<\/div>\n\t\t\t\t<div class=\"elementor-element elementor-element-5326828 elementor-widget elementor-widget-theme-post-title elementor-page-title elementor-widget-heading\" data-id=\"5326828\" data-element_type=\"widget\" data-e-type=\"widget\" data-widget_type=\"theme-post-title.default\">\n\t\t\t\t<div class=\"elementor-widget-container\">\n\t\t\t\t\t<h4 class=\"elementor-heading-title elementor-size-default\">Fresh off the press: Unser Blog<\/h4>\t\t\t\t<\/div>\n\t\t\t\t<\/div>\n\t\t\t\t<div class=\"elementor-element elementor-element-16639cc elementor-widget elementor-widget-theme-post-excerpt\" data-id=\"16639cc\" data-element_type=\"widget\" data-e-type=\"widget\" data-widget_type=\"theme-post-excerpt.default\">\n\t\t\t\t<div class=\"elementor-widget-container\">\n\t\t\t\t\tEs ist soweit: Unser repa-Blog erblickt endlich das Licht der Welt.\t\t\t\t<\/div>\n\t\t\t\t<\/div>\n\t\t\t\t<div class=\"elementor-element elementor-element-22e8a91 elementor-align-left elementor-widget elementor-widget-button\" data-id=\"22e8a91\" data-element_type=\"widget\" data-e-type=\"widget\" data-widget_type=\"button.default\">\n\t\t\t\t<div class=\"elementor-widget-container\">\n\t\t\t\t\t\t\t\t\t<div class=\"elementor-button-wrapper\">\n\t\t\t\t\t<a class=\"elementor-button elementor-button-link elementor-size-xs\" href=\"https:\/\/www.repa-druck.de\/fr\/unser-neuer-blog\/\">\n\t\t\t\t\t\t<span class=\"elementor-button-content-wrapper\">\n\t\t\t\t\t\t\t\t\t<span class=\"elementor-button-text\">Weiterlesen<\/span>\n\t\t\t\t\t<\/span>\n\t\t\t\t\t<\/a>\n\t\t\t\t<\/div>\n\t\t\t\t\t\t\t\t<\/div>\n\t\t\t\t<\/div>\n\t\t\t\t\t<\/div>\n\t\t\t\t<\/div>\n\t\t\t\t\t<\/div>\n\t\t\t\t<\/div>\n\t\t\t\t\t<\/div>\n\t\t\t\t<\/div>\n\t\t\t\t<\/div>\n\t\t\t\t<\/div>\n\t\t\n\t\t\t\t\t\t<\/div>\n\t\t\t\t<\/div>\n\t\t\t\t<\/div>\n\t\t<div class=\"elementor-element elementor-element-5b21bc6 e-flex e-con-boxed e-con e-parent\" data-id=\"5b21bc6\" data-element_type=\"container\" data-e-type=\"container\" data-settings=\"{&quot;background_background&quot;:&quot;classic&quot;}\">\n\t\t\t\t\t<div class=\"e-con-inner\">\n\t\t\t\t<div class=\"elementor-element elementor-element-2f1b32c elementor-widget elementor-widget-heading\" data-id=\"2f1b32c\" data-element_type=\"widget\" data-e-type=\"widget\" data-widget_type=\"heading.default\">\n\t\t\t\t<div class=\"elementor-widget-container\">\n\t\t\t\t\t<div class=\"elementor-heading-title elementor-size-xxl\">\ud83e\udd71<\/div>\t\t\t\t<\/div>\n\t\t\t\t<\/div>\n\t\t<div class=\"elementor-element elementor-element-630a800 e-flex e-con-boxed e-con e-parent\" data-id=\"630a800\" data-element_type=\"container\" data-e-type=\"container\">\n\t\t\t\t\t<div class=\"e-con-inner\">\n\t\t\t\t<div class=\"elementor-element elementor-element-daf885c elementor-widget elementor-widget-heading\" data-id=\"daf885c\" data-element_type=\"widget\" data-e-type=\"widget\" data-widget_type=\"heading.default\">\n\t\t\t\t<div class=\"elementor-widget-container\">\n\t\t\t\t\t<h4 class=\"elementor-heading-title elementor-size-default\">G\u00e4hnende Leere? Nicht mehr lange!<\/h4>\t\t\t\t<\/div>\n\t\t\t\t<\/div>\n\t\t\t\t<div class=\"elementor-element elementor-element-9f89858 elementor-widget elementor-widget-heading\" data-id=\"9f89858\" data-element_type=\"widget\" data-e-type=\"widget\" data-widget_type=\"heading.default\">\n\t\t\t\t<div class=\"elementor-widget-container\">\n\t\t\t\t\t<p class=\"elementor-heading-title elementor-size-default\">Erst k\u00fcrzlich hat unser neuer Blog das Licht der Welt erblickt. Aber keine Sorge: Wir f\u00fcttern ihn ab sofort regelm\u00e4\u00dfig mit neuem Inhalten! Schauen Sie gerne \u00f6fter mal vorbei \u2013 es lohnt sich ganz bestimmt!<\/p>\t\t\t\t<\/div>\n\t\t\t\t<\/div>\n\t\t\t\t\t<\/div>\n\t\t\t\t<\/div>\n\t\t\t\t\t<\/div>\n\t\t\t\t<\/div>\n\t\t\t\t\t<\/div>\n\t\t\t\t<\/div>\n\t\t\t\t<\/div>\n\t\t","protected":false},"excerpt":{"rendered":"<p>Blog \ud83e\udd71 G\u00e4hnende Leere? Nicht mehr lange! Erst k\u00fcrzlich hat unser neuer Blog das Licht der Welt erblickt. Aber keine Sorge: Wir f\u00fcttern ihn ab sofort regelm\u00e4\u00dfig mit neuem Inhalten! Schauen Sie gerne \u00f6fter mal vorbei \u2013 es lohnt sich ganz bestimmt!<\/p>","protected":false},"author":2,"featured_media":0,"parent":0,"menu_order":0,"comment_status":"closed","ping_status":"closed","template":"","meta":{"footnotes":""},"class_list":["post-2408","page","type-page","status-publish","hentry"],"_links":{"self":[{"href":"https:\/\/www.repa-druck.de\/fr\/wp-json\/wp\/v2\/pages\/2408","targetHints":{"allow":["GET"]}}],"collection":[{"href":"https:\/\/www.repa-druck.de\/fr\/wp-json\/wp\/v2\/pages"}],"about":[{"href":"https:\/\/www.repa-druck.de\/fr\/wp-json\/wp\/v2\/types\/page"}],"author":[{"embeddable":true,"href":"https:\/\/www.repa-druck.de\/fr\/wp-json\/wp\/v2\/users\/2"}],"replies":[{"embeddable":true,"href":"https:\/\/www.repa-druck.de\/fr\/wp-json\/wp\/v2\/comments?post=2408"}],"version-history":[{"count":91,"href":"https:\/\/www.repa-druck.de\/fr\/wp-json\/wp\/v2\/pages\/2408\/revisions"}],"predecessor-version":[{"id":2613,"href":"https:\/\/www.repa-druck.de\/fr\/wp-json\/wp\/v2\/pages\/2408\/revisions\/2613"}],"wp:attachment":[{"href":"https:\/\/www.repa-druck.de\/fr\/wp-json\/wp\/v2\/media?parent=2408"}],"curies":[{"name":"wp","href":"https:\/\/api.w.org\/{rel}","templated":true}]}}