{"id":260,"date":"2021-12-03T21:52:59","date_gmt":"2021-12-03T21:52:59","guid":{"rendered":"https:\/\/neu.repa-druck.de\/?page_id=260"},"modified":"2025-12-02T20:14:59","modified_gmt":"2025-12-02T18:14:59","slug":"climate-protection","status":"publish","type":"page","link":"https:\/\/www.repa-druck.de\/en\/klimaschutz\/","title":{"rendered":"Climate Protection"},"content":{"rendered":"<div data-elementor-type=\"wp-page\" data-elementor-id=\"260\" class=\"elementor elementor-260\" data-elementor-post-type=\"page\">\n\t\t\t\t\t\t<section class=\"elementor-section elementor-top-section elementor-element elementor-element-4e5b1a7 elementor-section-full_width elementor-section-height-default elementor-section-height-default\" data-id=\"4e5b1a7\" data-element_type=\"section\" data-e-type=\"section\">\n\t\t\t\t\t\t<div class=\"elementor-container elementor-column-gap-default\">\n\t\t\t\t\t<div class=\"elementor-column elementor-col-100 elementor-top-column elementor-element elementor-element-35a56e5\" data-id=\"35a56e5\" data-element_type=\"column\" data-e-type=\"column\">\n\t\t\t<div class=\"elementor-widget-wrap elementor-element-populated\">\n\t\t\t\t\t\t<div class=\"elementor-element elementor-element-84b2189 elementor-widget elementor-widget-image\" data-id=\"84b2189\" data-element_type=\"widget\" data-e-type=\"widget\" data-widget_type=\"image.default\">\n\t\t\t\t<div class=\"elementor-widget-container\">\n\t\t\t\t\t\t\t\t\t\t\t\t<figure class=\"wp-caption\">\n\t\t\t\t\t\t\t\t\t\t<img fetchpriority=\"high\" decoding=\"async\" width=\"2560\" height=\"995\" src=\"https:\/\/www.repa-druck.de\/wp-content\/uploads\/2022\/02\/Nachhaltigkeit-scaled.jpg\" class=\"attachment-full size-full wp-image-1211\" alt=\"Symbolbild Blumen\" srcset=\"https:\/\/www.repa-druck.de\/wp-content\/uploads\/2022\/02\/Nachhaltigkeit-scaled.jpg 2560w, https:\/\/www.repa-druck.de\/wp-content\/uploads\/2022\/02\/Nachhaltigkeit-300x117.jpg 300w, https:\/\/www.repa-druck.de\/wp-content\/uploads\/2022\/02\/Nachhaltigkeit-1024x398.jpg 1024w, https:\/\/www.repa-druck.de\/wp-content\/uploads\/2022\/02\/Nachhaltigkeit-768x298.jpg 768w, https:\/\/www.repa-druck.de\/wp-content\/uploads\/2022\/02\/Nachhaltigkeit-1536x597.jpg 1536w, https:\/\/www.repa-druck.de\/wp-content\/uploads\/2022\/02\/Nachhaltigkeit-2048x796.jpg 2048w\" sizes=\"(max-width: 2560px) 100vw, 2560px\" \/>\t\t\t\t\t\t\t\t\t\t\t<figcaption class=\"widget-image-caption wp-caption-text\"><\/figcaption>\n\t\t\t\t\t\t\t\t\t\t<\/figure>\n\t\t\t\t\t\t\t\t\t<\/div>\n\t\t\t\t<\/div>\n\t\t\t\t\t<\/div>\n\t\t<\/div>\n\t\t\t\t\t<\/div>\n\t\t<\/section>\n\t\t\t\t<section class=\"elementor-section elementor-top-section elementor-element elementor-element-15b4ee43 elementor-section-boxed elementor-section-height-default elementor-section-height-default\" data-id=\"15b4ee43\" data-element_type=\"section\" data-e-type=\"section\">\n\t\t\t\t\t\t<div class=\"elementor-container elementor-column-gap-no\">\n\t\t\t\t\t<div class=\"elementor-column elementor-col-100 elementor-top-column elementor-element elementor-element-2190d739\" data-id=\"2190d739\" data-element_type=\"column\" data-e-type=\"column\">\n\t\t\t<div class=\"elementor-widget-wrap elementor-element-populated\">\n\t\t\t\t\t\t<div class=\"elementor-element elementor-element-264f16c elementor-align-left elementor-widget elementor-widget-breadcrumbs\" data-id=\"264f16c\" data-element_type=\"widget\" data-e-type=\"widget\" data-widget_type=\"breadcrumbs.default\">\n\t\t\t\t<div class=\"elementor-widget-container\">\n\t\t\t\t\t<p id=\"breadcrumbs\"><span><span><a href=\"https:\/\/www.repa-druck.de\/en\/\">Startseite<\/a><\/span><\/span><\/p>\t\t\t\t<\/div>\n\t\t\t\t<\/div>\n\t\t\t\t<div class=\"elementor-element elementor-element-55729c3f elementor-widget elementor-widget-heading\" data-id=\"55729c3f\" data-element_type=\"widget\" data-e-type=\"widget\" data-widget_type=\"heading.default\">\n\t\t\t\t<div class=\"elementor-widget-container\">\n\t\t\t\t\t<p class=\"elementor-heading-title elementor-size-default\">How we do our part<\/p>\t\t\t\t<\/div>\n\t\t\t\t<\/div>\n\t\t\t\t<div class=\"elementor-element elementor-element-3eb20a3a elementor-widget elementor-widget-heading\" data-id=\"3eb20a3a\" data-element_type=\"widget\" data-e-type=\"widget\" data-widget_type=\"heading.default\">\n\t\t\t\t<div class=\"elementor-widget-container\">\n\t\t\t\t\t<h1 class=\"elementor-heading-title elementor-size-default\">Climate protection &amp; sustainability<\/h1>\t\t\t\t<\/div>\n\t\t\t\t<\/div>\n\t\t\t\t<div class=\"elementor-element elementor-element-90772a8 elementor-widget elementor-widget-text-editor\" data-id=\"90772a8\" data-element_type=\"widget\" data-e-type=\"widget\" data-widget_type=\"text-editor.default\">\n\t\t\t\t<div class=\"elementor-widget-container\">\n\t\t\t\t\t\t\t\t\t<h2 style=\"text-align: left;\">Climate-neutral printing with Repa<\/h2><p style=\"text-align: left;\">Climate change is the greatest challenge of the 21st century. Even individual companies have to make their contribution. The use of climate-neutral print products offers companies the opportunity to become active in climate protection quickly and easily.<\/p><p style=\"text-align: left;\">With climate-neutral printing, the greenhouse gas emissions generated by the printing process are calculated precisely, allowing the largest emission drivers and reduction potentials to be identified. By investing in internationally recognised climate protection projects, the unavoidable CO2 emissions can then be offset, making the print products climate neutral.<\/p><p style=\"text-align: left;\">Make your contribution to climate protection - we will be happy to support you. Call us if you have any questions. For your climate-neutral print products, you choose a climate protection project from an extensive portfolio with the highest standards and different technologies.<\/p><p style=\"text-align: left;\">The process becomes transparent through identification labels with an order-related and thus individual ID number: by entering this ID on <a href=\"http:\/\/www.climatepartner.com\">www.climatepartner.com<\/a> the climate neutrality of your order becomes traceable for partners, customers and employees.<\/p><p style=\"text-align: left;\">Repa Druck offers climate-neutral printing in cooperation with the climate protection consultancy ClimatePartner. Further information at <a href=\"http:\/\/www.climatepartner.com\">www.climatepartner.com<\/a>.<\/p>\t\t\t\t\t\t\t\t<\/div>\n\t\t\t\t<\/div>\n\t\t\t\t<div class=\"elementor-element elementor-element-3635869 elementor-widget-divider--view-line elementor-widget elementor-widget-divider\" data-id=\"3635869\" data-element_type=\"widget\" data-e-type=\"widget\" data-widget_type=\"divider.default\">\n\t\t\t\t<div class=\"elementor-widget-container\">\n\t\t\t\t\t\t\t<div class=\"elementor-divider\">\n\t\t\t<span class=\"elementor-divider-separator\">\n\t\t\t\t\t\t<\/span>\n\t\t<\/div>\n\t\t\t\t\t\t<\/div>\n\t\t\t\t<\/div>\n\t\t\t\t<div class=\"elementor-element elementor-element-d36ef9b elementor-widget elementor-widget-text-editor\" data-id=\"d36ef9b\" data-element_type=\"widget\" data-e-type=\"widget\" data-widget_type=\"text-editor.default\">\n\t\t\t\t<div class=\"elementor-widget-container\">\n\t\t\t\t\t\t\t\t\t<h2 style=\"text-align: left;\">FSC\u00ae (FSC-C007142)<\/h2><p style=\"text-align: left;\">The Forest Stewardship Council\u00ae (FSC\u00ae) is committed to promoting environmentally friendly, socially beneficial and economically viable forest management worldwide. The independent, non-profit organisation was founded in 1993 as an outcome of the \"Environment and Development\" conference in Rio de Janeiro. Today, the FSC\u00ae is represented by national working groups in over 80 countries.<\/p><p style=\"text-align: left;\">By purchasing FSC\u00ae-certified products, you contribute to the responsible use of global forest resources. The FSC\u00ae achieves this on the one hand by setting and auditing environmental and social standards in forest management and on the other hand by recycling materials.<\/p><p style=\"text-align: left;\">You decide which paper you want to print on.<\/p>\t\t\t\t\t\t\t\t<\/div>\n\t\t\t\t<\/div>\n\t\t\t\t<div class=\"elementor-element elementor-element-8a340b3 elementor-widget-divider--view-line elementor-widget elementor-widget-divider\" data-id=\"8a340b3\" data-element_type=\"widget\" data-e-type=\"widget\" data-widget_type=\"divider.default\">\n\t\t\t\t<div class=\"elementor-widget-container\">\n\t\t\t\t\t\t\t<div class=\"elementor-divider\">\n\t\t\t<span class=\"elementor-divider-separator\">\n\t\t\t\t\t\t<\/span>\n\t\t<\/div>\n\t\t\t\t\t\t<\/div>\n\t\t\t\t<\/div>\n\t\t\t\t<div class=\"elementor-element elementor-element-36686fa elementor-widget elementor-widget-text-editor\" data-id=\"36686fa\" data-element_type=\"widget\" data-e-type=\"widget\" data-widget_type=\"text-editor.default\">\n\t\t\t\t<div class=\"elementor-widget-container\">\n\t\t\t\t\t\t\t\t\t<h2 style=\"text-align: left;\">PEFC (PEFC\/04-31-1199)<\/h2><p style=\"text-align: left;\">Wir legen Wert auf eine nachhaltige Produktion. Deswegen verwenden wir PEFC-zertifizierte Rohstoffe.<\/p><p style=\"text-align: left;\">Die PEFC-Zertifizierung steht f\u00fcr nachhaltige Waldbewirtschaftung, die \u00f6kologische, \u00f6konomische und soziale Kriterien gleicherma\u00dfen ber\u00fccksichtigt. Dabei wird nicht das Produkt Holz zertifiziert, sondern das forstliche Management, inklusive des Holztransports bis an den Waldweg.<\/p><p style=\"text-align: left;\">With this certification, the flow of wood in the entire production process via the certified forest stand to the wood processing company can be traced all the way to the finished product.<\/p>\t\t\t\t\t\t\t\t<\/div>\n\t\t\t\t<\/div>\n\t\t\t\t\t<\/div>\n\t\t<\/div>\n\t\t\t\t\t<\/div>\n\t\t<\/section>\n\t\t\t\t<\/div>","protected":false},"excerpt":{"rendered":"<p>Wie wir unseren Teil betragen Klimaschutz &amp; Nachhaltigkeit Klimaneutral Drucken mit Repa Der Klimawandel ist die gr\u00f6\u00dfte Herausforderung des 21. Jahrhunderts. Auch einzelne Unternehmen m\u00fcssen Ihren Beitrag leisten. Der Einsatz klimaneutraler Druckprodukte bietet Unternehmen die M\u00f6glichkeit, schnell und einfach im Klimaschutz aktiv zu werden. Beim klimaneutralen Druck werden die durch den Druckprozess entstehenden Treibhausgasemissionen genau [&hellip;]<\/p>\n","protected":false},"author":2,"featured_media":0,"parent":0,"menu_order":0,"comment_status":"closed","ping_status":"closed","template":"","meta":{"footnotes":""},"class_list":["post-260","page","type-page","status-publish","hentry"],"_links":{"self":[{"href":"https:\/\/www.repa-druck.de\/en\/wp-json\/wp\/v2\/pages\/260","targetHints":{"allow":["GET"]}}],"collection":[{"href":"https:\/\/www.repa-druck.de\/en\/wp-json\/wp\/v2\/pages"}],"about":[{"href":"https:\/\/www.repa-druck.de\/en\/wp-json\/wp\/v2\/types\/page"}],"author":[{"embeddable":true,"href":"https:\/\/www.repa-druck.de\/en\/wp-json\/wp\/v2\/users\/2"}],"replies":[{"embeddable":true,"href":"https:\/\/www.repa-druck.de\/en\/wp-json\/wp\/v2\/comments?post=260"}],"version-history":[{"count":12,"href":"https:\/\/www.repa-druck.de\/en\/wp-json\/wp\/v2\/pages\/260\/revisions"}],"predecessor-version":[{"id":3017,"href":"https:\/\/www.repa-druck.de\/en\/wp-json\/wp\/v2\/pages\/260\/revisions\/3017"}],"wp:attachment":[{"href":"https:\/\/www.repa-druck.de\/en\/wp-json\/wp\/v2\/media?parent=260"}],"curies":[{"name":"wp","href":"https:\/\/api.w.org\/{rel}","templated":true}]}}