{"id":256,"date":"2021-12-03T21:51:07","date_gmt":"2021-12-03T21:51:07","guid":{"rendered":"https:\/\/neu.repa-druck.de\/?page_id=256"},"modified":"2025-12-02T20:14:27","modified_gmt":"2025-12-02T18:14:27","slug":"about-us","status":"publish","type":"page","link":"https:\/\/www.repa-druck.de\/en\/ueber-uns\/","title":{"rendered":"About us"},"content":{"rendered":"<div data-elementor-type=\"wp-page\" data-elementor-id=\"256\" class=\"elementor elementor-256\" data-elementor-post-type=\"page\">\n\t\t\t\t\t\t<section class=\"elementor-section elementor-top-section elementor-element elementor-element-9dbcf80 elementor-section-full_width elementor-section-height-default elementor-section-height-default\" data-id=\"9dbcf80\" data-element_type=\"section\" data-e-type=\"section\">\n\t\t\t\t\t\t<div class=\"elementor-container elementor-column-gap-default\">\n\t\t\t\t\t<div class=\"elementor-column elementor-col-100 elementor-top-column elementor-element elementor-element-efdc535\" data-id=\"efdc535\" data-element_type=\"column\" data-e-type=\"column\">\n\t\t\t<div class=\"elementor-widget-wrap elementor-element-populated\">\n\t\t\t\t\t\t<div class=\"elementor-element elementor-element-fa374b6 elementor-widget elementor-widget-image\" data-id=\"fa374b6\" data-element_type=\"widget\" data-e-type=\"widget\" data-widget_type=\"image.default\">\n\t\t\t\t<div class=\"elementor-widget-container\">\n\t\t\t\t\t\t\t\t\t\t\t\t<figure class=\"wp-caption\">\n\t\t\t\t\t\t\t\t\t\t<img fetchpriority=\"high\" decoding=\"async\" width=\"2560\" height=\"1707\" src=\"https:\/\/www.repa-druck.de\/wp-content\/uploads\/2021\/12\/IMG_2753-scaled.jpg\" class=\"attachment-full size-full wp-image-293\" alt=\"Header Produktion\" srcset=\"https:\/\/www.repa-druck.de\/wp-content\/uploads\/2021\/12\/IMG_2753-scaled.jpg 2560w, https:\/\/www.repa-druck.de\/wp-content\/uploads\/2021\/12\/IMG_2753-300x200.jpg 300w, https:\/\/www.repa-druck.de\/wp-content\/uploads\/2021\/12\/IMG_2753-1024x683.jpg 1024w, https:\/\/www.repa-druck.de\/wp-content\/uploads\/2021\/12\/IMG_2753-768x512.jpg 768w, https:\/\/www.repa-druck.de\/wp-content\/uploads\/2021\/12\/IMG_2753-1536x1024.jpg 1536w, https:\/\/www.repa-druck.de\/wp-content\/uploads\/2021\/12\/IMG_2753-2048x1366.jpg 2048w\" sizes=\"(max-width: 2560px) 100vw, 2560px\" \/>\t\t\t\t\t\t\t\t\t\t\t<figcaption class=\"widget-image-caption wp-caption-text\"><\/figcaption>\n\t\t\t\t\t\t\t\t\t\t<\/figure>\n\t\t\t\t\t\t\t\t\t<\/div>\n\t\t\t\t<\/div>\n\t\t\t\t\t<\/div>\n\t\t<\/div>\n\t\t\t\t\t<\/div>\n\t\t<\/section>\n\t\t\t\t<section class=\"elementor-section elementor-top-section elementor-element elementor-element-192078f elementor-section-boxed elementor-section-height-default elementor-section-height-default\" data-id=\"192078f\" data-element_type=\"section\" data-e-type=\"section\">\n\t\t\t\t\t\t<div class=\"elementor-container elementor-column-gap-no\">\n\t\t\t\t\t<div class=\"elementor-column elementor-col-100 elementor-top-column elementor-element elementor-element-672d823f\" data-id=\"672d823f\" data-element_type=\"column\" data-e-type=\"column\">\n\t\t\t<div class=\"elementor-widget-wrap elementor-element-populated\">\n\t\t\t\t\t\t<div class=\"elementor-element elementor-element-4f0ec88 elementor-align-left elementor-widget elementor-widget-breadcrumbs\" data-id=\"4f0ec88\" data-element_type=\"widget\" data-e-type=\"widget\" data-widget_type=\"breadcrumbs.default\">\n\t\t\t\t<div class=\"elementor-widget-container\">\n\t\t\t\t\t<p id=\"breadcrumbs\"><span><span><a href=\"https:\/\/www.repa-druck.de\/en\/\">Startseite<\/a><\/span><\/span><\/p>\t\t\t\t<\/div>\n\t\t\t\t<\/div>\n\t\t\t\t<div class=\"elementor-element elementor-element-d67f892 elementor-widget elementor-widget-heading\" data-id=\"d67f892\" data-element_type=\"widget\" data-e-type=\"widget\" data-widget_type=\"heading.default\">\n\t\t\t\t<div class=\"elementor-widget-container\">\n\t\t\t\t\t<p class=\"elementor-heading-title elementor-size-default\">Who we are<\/p>\t\t\t\t<\/div>\n\t\t\t\t<\/div>\n\t\t\t\t<div class=\"elementor-element elementor-element-4210eaa1 elementor-widget elementor-widget-heading\" data-id=\"4210eaa1\" data-element_type=\"widget\" data-e-type=\"widget\" data-widget_type=\"heading.default\">\n\t\t\t\t<div class=\"elementor-widget-container\">\n\t\t\t\t\t<h1 class=\"elementor-heading-title elementor-size-default\">About us<\/h1>\t\t\t\t<\/div>\n\t\t\t\t<\/div>\n\t\t\t\t<div class=\"elementor-element elementor-element-863857f elementor-widget elementor-widget-text-editor\" data-id=\"863857f\" data-element_type=\"widget\" data-e-type=\"widget\" data-widget_type=\"text-editor.default\">\n\t\t\t\t<div class=\"elementor-widget-container\">\n\t\t\t\t\t\t\t\t\t<p>Im Herzen des Saarlands gelegen, geben wir seit \u00fcber 50 Jahren t\u00e4glich unser Bestes, um Kunden in ganz Deutschland und dar\u00fcber hinaus mit Drucksachen von h\u00f6chster Qualit\u00e4t zu versorgen. Seit der Gr\u00fcndung im Jahr 1972 hat sich wirtschaftlich wie technologisch viel getan, aber unsere Firmenphilosophie bleibt: Im Zentrum steht der Mensch.\u00a0<\/p><p><span style=\"color: var( --e-global-color-accent ); font-size: 1rem;\">Our company is made up of many individuals, but only together are we able to represent our core values for you: Highest quality, adherence to deadlines and absolute reliability. Because it is precisely when time is of the essence and you need a reliable partner that we really warm up.<\/span><\/p><p>Posters, brochures, books, calendars, flyers, mailings, invitations - from camera-controlled inserting of mailings to extensive graphic services to CO\u00b2-neutral dispatch - we make (almost) everything possible for you. With an extensive range of state-of-the-art machinery and a team of competent employees who put their heart and soul into realising large print projects every day.<\/p><p>It goes without saying that we work in close cooperation with you and with your needs in mind. Would you like a personal print approval? No problem. Or you cannot come in person? We are also happy to get in touch with you via video call.<\/p><p>Do you have an enquiry or are you planning a new project? Contact us and let your imagination come to life together with us. We look forward to it!<\/p>\t\t\t\t\t\t\t\t<\/div>\n\t\t\t\t<\/div>\n\t\t\t\t\t<\/div>\n\t\t<\/div>\n\t\t\t\t\t<\/div>\n\t\t<\/section>\n\t\t\t\t<section class=\"elementor-section elementor-top-section elementor-element elementor-element-5416500 elementor-section-boxed elementor-section-height-default elementor-section-height-default\" data-id=\"5416500\" data-element_type=\"section\" data-e-type=\"section\">\n\t\t\t\t\t\t<div class=\"elementor-container elementor-column-gap-default\">\n\t\t\t\t\t<div class=\"elementor-column elementor-col-100 elementor-top-column elementor-element elementor-element-71e6f55\" data-id=\"71e6f55\" data-element_type=\"column\" data-e-type=\"column\">\n\t\t\t<div class=\"elementor-widget-wrap elementor-element-populated\">\n\t\t\t\t\t\t<div class=\"elementor-element elementor-element-361ae6f elementor-widget-divider--view-line elementor-widget elementor-widget-divider\" data-id=\"361ae6f\" data-element_type=\"widget\" data-e-type=\"widget\" data-widget_type=\"divider.default\">\n\t\t\t\t<div class=\"elementor-widget-container\">\n\t\t\t\t\t\t\t<div class=\"elementor-divider\">\n\t\t\t<span class=\"elementor-divider-separator\">\n\t\t\t\t\t\t<\/span>\n\t\t<\/div>\n\t\t\t\t\t\t<\/div>\n\t\t\t\t<\/div>\n\t\t\t\t\t<\/div>\n\t\t<\/div>\n\t\t\t\t\t<\/div>\n\t\t<\/section>\n\t\t\t\t<section class=\"elementor-section elementor-top-section elementor-element elementor-element-76ed2f2 elementor-section-boxed elementor-section-height-default elementor-section-height-default\" data-id=\"76ed2f2\" data-element_type=\"section\" data-e-type=\"section\">\n\t\t\t\t\t\t<div class=\"elementor-container elementor-column-gap-wider\">\n\t\t\t\t\t<div class=\"elementor-column elementor-col-50 elementor-top-column elementor-element elementor-element-f5f52c2\" data-id=\"f5f52c2\" data-element_type=\"column\" data-e-type=\"column\">\n\t\t\t<div class=\"elementor-widget-wrap elementor-element-populated\">\n\t\t\t\t\t\t<div class=\"elementor-element elementor-element-4b6ed85 elementor-widget elementor-widget-heading\" data-id=\"4b6ed85\" data-element_type=\"widget\" data-e-type=\"widget\" data-widget_type=\"heading.default\">\n\t\t\t\t<div class=\"elementor-widget-container\">\n\t\t\t\t\t<h2 class=\"elementor-heading-title elementor-size-default\">Personal words<\/h2>\t\t\t\t<\/div>\n\t\t\t\t<\/div>\n\t\t\t\t<div class=\"elementor-element elementor-element-0298702 elementor-widget elementor-widget-text-editor\" data-id=\"0298702\" data-element_type=\"widget\" data-e-type=\"widget\" data-widget_type=\"text-editor.default\">\n\t\t\t\t<div class=\"elementor-widget-container\">\n\t\t\t\t\t\t\t\t\t<p>Thank you for your interest in Repa Druck. I'm sure you still have questions after visiting our homepage, which we will be happy to answer. Perhaps we will soon be able to welcome you to our large customer portfolio.<\/p><p>Yours, Barbara Braun<\/p><p><img decoding=\"async\" class=\"alignnone size-full wp-image-1738\" src=\"https:\/\/www.repa-druck.de\/wp-content\/uploads\/2022\/06\/unterschrift_barbara_braun.jpg\" alt=\"Unterschrift Barbara Braun\" width=\"235\" height=\"45\" srcset=\"https:\/\/www.repa-druck.de\/wp-content\/uploads\/2022\/06\/unterschrift_barbara_braun.jpg 235w, https:\/\/www.repa-druck.de\/wp-content\/uploads\/2022\/06\/unterschrift_barbara_braun-18x3.jpg 18w\" sizes=\"(max-width: 235px) 100vw, 235px\" \/><\/p><p>Managing Director<\/p>\t\t\t\t\t\t\t\t<\/div>\n\t\t\t\t<\/div>\n\t\t\t\t\t<\/div>\n\t\t<\/div>\n\t\t\t\t<div class=\"elementor-column elementor-col-50 elementor-top-column elementor-element elementor-element-889463d\" data-id=\"889463d\" data-element_type=\"column\" data-e-type=\"column\">\n\t\t\t<div class=\"elementor-widget-wrap elementor-element-populated\">\n\t\t\t\t\t\t<div class=\"elementor-element elementor-element-8b49563 elementor-widget elementor-widget-image\" data-id=\"8b49563\" data-element_type=\"widget\" data-e-type=\"widget\" data-widget_type=\"image.default\">\n\t\t\t\t<div class=\"elementor-widget-container\">\n\t\t\t\t\t\t\t\t\t\t\t\t\t\t\t<img decoding=\"async\" width=\"300\" height=\"300\" src=\"https:\/\/www.repa-druck.de\/wp-content\/uploads\/2024\/04\/Barbara-Braun-300x300.jpg\" class=\"attachment-medium size-medium wp-image-2865\" alt=\"\" srcset=\"https:\/\/www.repa-druck.de\/wp-content\/uploads\/2024\/04\/Barbara-Braun-300x300.jpg 300w, https:\/\/www.repa-druck.de\/wp-content\/uploads\/2024\/04\/Barbara-Braun-150x150.jpg 150w, https:\/\/www.repa-druck.de\/wp-content\/uploads\/2024\/04\/Barbara-Braun-12x12.jpg 12w, https:\/\/www.repa-druck.de\/wp-content\/uploads\/2024\/04\/Barbara-Braun.jpg 600w\" sizes=\"(max-width: 300px) 100vw, 300px\" \/>\t\t\t\t\t\t\t\t\t\t\t\t\t\t\t<\/div>\n\t\t\t\t<\/div>\n\t\t\t\t<div class=\"elementor-element elementor-element-53c4125 elementor-widget elementor-widget-heading\" data-id=\"53c4125\" data-element_type=\"widget\" data-e-type=\"widget\" data-widget_type=\"heading.default\">\n\t\t\t\t<div class=\"elementor-widget-container\">\n\t\t\t\t\t<h3 class=\"elementor-heading-title elementor-size-medium\">Barbara Braun<\/h3>\t\t\t\t<\/div>\n\t\t\t\t<\/div>\n\t\t\t\t<div class=\"elementor-element elementor-element-9c4f45c elementor-widget elementor-widget-heading\" data-id=\"9c4f45c\" data-element_type=\"widget\" data-e-type=\"widget\" data-widget_type=\"heading.default\">\n\t\t\t\t<div class=\"elementor-widget-container\">\n\t\t\t\t\t<p class=\"elementor-heading-title elementor-size-default\">Managing Director<\/p>\t\t\t\t<\/div>\n\t\t\t\t<\/div>\n\t\t\t\t<div class=\"elementor-element elementor-element-568528e elementor-align-center elementor-mobile-align-center elementor-hidden-tablet elementor-hidden-mobile elementor-widget elementor-widget-button\" data-id=\"568528e\" data-element_type=\"widget\" data-e-type=\"widget\" data-widget_type=\"button.default\">\n\t\t\t\t<div class=\"elementor-widget-container\">\n\t\t\t\t\t\t\t\t\t<div class=\"elementor-button-wrapper\">\n\t\t\t\t\t<a class=\"elementor-button elementor-button-link elementor-size-sm\" href=\"tel:+49689380015\">\n\t\t\t\t\t\t<span class=\"elementor-button-content-wrapper\">\n\t\t\t\t\t\t<span class=\"elementor-button-icon\">\n\t\t\t\t<i aria-hidden=\"true\" class=\"fas fa-phone-alt\"><\/i>\t\t\t<\/span>\n\t\t\t\t\t\t\t\t\t<span class=\"elementor-button-text\">06893 8002-15<\/span>\n\t\t\t\t\t<\/span>\n\t\t\t\t\t<\/a>\n\t\t\t\t<\/div>\n\t\t\t\t\t\t\t\t<\/div>\n\t\t\t\t<\/div>\n\t\t\t\t<div class=\"elementor-element elementor-element-f0d1c12 elementor-align-center elementor-mobile-align-center elementor-hidden-tablet elementor-hidden-mobile elementor-widget elementor-widget-button\" data-id=\"f0d1c12\" data-element_type=\"widget\" data-e-type=\"widget\" data-widget_type=\"button.default\">\n\t\t\t\t<div class=\"elementor-widget-container\">\n\t\t\t\t\t\t\t\t\t<div class=\"elementor-button-wrapper\">\n\t\t\t\t\t<a class=\"elementor-button elementor-button-link elementor-size-sm\" href=\"mailto:barbara.braun@repa-druck.de\">\n\t\t\t\t\t\t<span class=\"elementor-button-content-wrapper\">\n\t\t\t\t\t\t<span class=\"elementor-button-icon\">\n\t\t\t\t<i aria-hidden=\"true\" class=\"far fa-envelope\"><\/i>\t\t\t<\/span>\n\t\t\t\t\t\t\t\t\t<span class=\"elementor-button-text\">barbara.braun@repa-druck.de<\/span>\n\t\t\t\t\t<\/span>\n\t\t\t\t\t<\/a>\n\t\t\t\t<\/div>\n\t\t\t\t\t\t\t\t<\/div>\n\t\t\t\t<\/div>\n\t\t\t\t<div class=\"elementor-element elementor-element-866ca95 elementor-icon-list--layout-inline elementor-list-item-link-inline elementor-align-center elementor-mobile-align-center elementor-hidden-desktop elementor-widget elementor-widget-icon-list\" data-id=\"866ca95\" data-element_type=\"widget\" data-e-type=\"widget\" data-widget_type=\"icon-list.default\">\n\t\t\t\t<div class=\"elementor-widget-container\">\n\t\t\t\t\t\t\t<ul class=\"elementor-icon-list-items elementor-inline-items\">\n\t\t\t\t\t\t\t<li class=\"elementor-icon-list-item elementor-inline-item\">\n\t\t\t\t\t\t\t\t\t\t\t<a href=\"tel:+496893800215\">\n\n\t\t\t\t\t\t\t\t\t\t\t\t<span class=\"elementor-icon-list-icon\">\n\t\t\t\t\t\t\t<i aria-hidden=\"true\" class=\"fas fa-phone-alt\"><\/i>\t\t\t\t\t\t<\/span>\n\t\t\t\t\t\t\t\t\t\t<span class=\"elementor-icon-list-text\"><\/span>\n\t\t\t\t\t\t\t\t\t\t\t<\/a>\n\t\t\t\t\t\t\t\t\t<\/li>\n\t\t\t\t\t\t\t\t<li class=\"elementor-icon-list-item elementor-inline-item\">\n\t\t\t\t\t\t\t\t\t\t\t<a href=\"mailto:barbara.braun@repa-druck.de\">\n\n\t\t\t\t\t\t\t\t\t\t\t\t<span class=\"elementor-icon-list-icon\">\n\t\t\t\t\t\t\t<i aria-hidden=\"true\" class=\"far fa-envelope\"><\/i>\t\t\t\t\t\t<\/span>\n\t\t\t\t\t\t\t\t\t\t<span class=\"elementor-icon-list-text\"><\/span>\n\t\t\t\t\t\t\t\t\t\t\t<\/a>\n\t\t\t\t\t\t\t\t\t<\/li>\n\t\t\t\t\t\t<\/ul>\n\t\t\t\t\t\t<\/div>\n\t\t\t\t<\/div>\n\t\t\t\t\t<\/div>\n\t\t<\/div>\n\t\t\t\t\t<\/div>\n\t\t<\/section>\n\t\t\t\t<\/div>","protected":false},"excerpt":{"rendered":"<p>Wer wir sind und was uns ausmacht \u00dcber uns Im Herzen des Saarlands gelegen, geben wir seit \u00fcber 50 Jahren t\u00e4glich unser Bestes, um Kunden in ganz Deutschland und dar\u00fcber hinaus mit Drucksachen von h\u00f6chster Qualit\u00e4t zu versorgen. Seit der Gr\u00fcndung im Jahr 1972 hat sich wirtschaftlich wie technologisch viel getan, aber unsere Firmenphilosophie bleibt: [&hellip;]<\/p>\n","protected":false},"author":2,"featured_media":0,"parent":0,"menu_order":0,"comment_status":"closed","ping_status":"closed","template":"","meta":{"footnotes":""},"class_list":["post-256","page","type-page","status-publish","hentry"],"_links":{"self":[{"href":"https:\/\/www.repa-druck.de\/en\/wp-json\/wp\/v2\/pages\/256","targetHints":{"allow":["GET"]}}],"collection":[{"href":"https:\/\/www.repa-druck.de\/en\/wp-json\/wp\/v2\/pages"}],"about":[{"href":"https:\/\/www.repa-druck.de\/en\/wp-json\/wp\/v2\/types\/page"}],"author":[{"embeddable":true,"href":"https:\/\/www.repa-druck.de\/en\/wp-json\/wp\/v2\/users\/2"}],"replies":[{"embeddable":true,"href":"https:\/\/www.repa-druck.de\/en\/wp-json\/wp\/v2\/comments?post=256"}],"version-history":[{"count":12,"href":"https:\/\/www.repa-druck.de\/en\/wp-json\/wp\/v2\/pages\/256\/revisions"}],"predecessor-version":[{"id":3014,"href":"https:\/\/www.repa-druck.de\/en\/wp-json\/wp\/v2\/pages\/256\/revisions\/3014"}],"wp:attachment":[{"href":"https:\/\/www.repa-druck.de\/en\/wp-json\/wp\/v2\/media?parent=256"}],"curies":[{"name":"wp","href":"https:\/\/api.w.org\/{rel}","templated":true}]}}